{"id":2758,"date":"2022-01-07T16:44:12","date_gmt":"2022-01-07T16:44:12","guid":{"rendered":"https:\/\/www.meritresources.org\/politica-de-privacidad\/"},"modified":"2026-02-25T12:26:54","modified_gmt":"2026-02-25T12:26:54","slug":"politica-de-privacidad","status":"publish","type":"page","link":"https:\/\/www.meritresources.org\/es\/politica-de-privacidad\/","title":{"rendered":"Pol\u00edtica de privacidad"},"content":{"rendered":"<h1>\n<h1 style=\"text-align: center;\"><span lang=\"EN-US\">Pol\u00edtica de privacidad<o:p><\/o:p><\/span><\/h1>\n<\/h1>\n<div>\n<div>\n<p>\n\n<h2 class=\"wp-block-heading\" style=\"text-align: left;\">Este es el sitio web de Meritresources.org<\/h2>\n<p style=\"text-align: left;\"><\/p>\n<h3 class=\"wp-block-heading\" style=\"text-align: left;\">POL\u00cdTICA DE PRIVACIDAD DEL CORREO ELECTR\u00d3NICO<\/h3>\n<p style=\"text-align: left;\"><\/p>\n<p style=\"text-align: left;\">Hemos creado esta pol\u00edtica de privacidad del correo electr\u00f3nico para demostrar nuestro firme compromiso con su privacidad y la protecci\u00f3n de su informaci\u00f3n.<\/p>\n<p style=\"text-align: left;\"><\/p>\n<h3 class=\"wp-block-heading\" style=\"text-align: left;\">\u00bfPOR QU\u00c9 HA RECIBIDO UN CORREO ELECTR\u00d3NICO NUESTRO?<\/h3>\n<p style=\"text-align: left;\"><\/p>\n<p style=\"text-align: left;\">Si ha recibido un correo nuestro, (a) su direcci\u00f3n de correo electr\u00f3nico figura en nuestra lista como alguien que ha compartido expresamente esta direcci\u00f3n con el fin de recibir informaci\u00f3n en el futuro (\u00abopt-in\u00bb), o bien (b) usted se ha registrado o ha comprado o tiene una relaci\u00f3n existente con nosotros. Respetamos su tiempo y atenci\u00f3n controlando la frecuencia de nuestros env\u00edos.<\/p>\n<p style=\"text-align: left;\"><\/p>\n<h3 class=\"wp-block-heading\" style=\"text-align: left;\">C\u00d3MO PROTEGEMOS SU INTIMIDAD<\/h3>\n<p style=\"text-align: left;\"><\/p>\n<p style=\"text-align: left;\">Utilizamos medidas de seguridad para proteger contra la p\u00e9rdida, el uso indebido y la alteraci\u00f3n de los datos utilizados por nuestro sistema.<\/p>\n<p style=\"text-align: left;\"><\/p>\n<h3 class=\"wp-block-heading\" style=\"text-align: left;\">INTERCAMBIO Y USO<\/h3>\n<p style=\"text-align: left;\"><\/p>\n<p style=\"text-align: left;\">Nunca compartiremos, venderemos ni alquilaremos informaci\u00f3n personal individual con nadie sin su permiso previo o a menos que lo ordene un tribunal de justicia. La informaci\u00f3n que nos env\u00eda s\u00f3lo est\u00e1 disponible para los empleados que gestionan esta informaci\u00f3n con el fin de ponerse en contacto con usted o enviarle correos electr\u00f3nicos basados en su solicitud de informaci\u00f3n y para los proveedores de servicios contratados con el fin de prestar servicios relacionados con nuestras comunicaciones con usted.<\/p>\n<p style=\"text-align: left;\"><\/p>\n<h3 class=\"wp-block-heading\" style=\"text-align: left;\">\u00bfC\u00d3MO PUEDE DEJAR DE RECIBIR NUESTRO CORREO ELECTR\u00d3NICO?<\/h3>\n<p style=\"text-align: left;\"><\/p>\n<p style=\"text-align: left;\">Cada correo electr\u00f3nico enviado contiene una manera f\u00e1cil y automatizada para que usted deje de recibir correo electr\u00f3nico de nosotros, o para cambiar sus intereses expresados. Si desea hacerlo, s\u00f3lo tiene que seguir las instrucciones que aparecen al final de cualquier correo electr\u00f3nico.<\/p>\n<p><\/p><\/p>\n<\/div>\n<\/div>\n<p><!--more--><br \/>\n<!-- {\"type\":\"layout\",\"children\":[{\"type\":\"section\",\"props\":{\"class\":\"ws-top__margin ws-about__top-banner\",\"image\":\"wp-content\/uploads\/2022\/11\/about-us-bg.jpg\",\"image_position\":\"bottom-center\",\"image_size\":\"cover\",\"padding_bottom\":\"xlarge\",\"padding_top\":\"xlarge\",\"preserve_color\":true,\"style\":\"primary\",\"title_breakpoint\":\"xl\",\"title_position\":\"top-left\",\"title_rotation\":\"left\",\"vertical_align\":\"\",\"width\":\"default\"},\"children\":[{\"type\":\"row\",\"children\":[{\"type\":\"column\",\"props\":{\"image_position\":\"center-center\",\"position_sticky_breakpoint\":\"m\"},\"children\":[{\"type\":\"headline\",\"props\":{\"content\":\"\n\n<h1 style=\\\"text-align: center;\\\"><span lang=\\\"EN-US\\\">Privacy policy<\/span><\/h1>\n\n\",\"image_align\":\"left\",\"image_margin\":\"xsmall\",\"text_align\":\"center\",\"title_element\":\"h1\"}}]}]}]},{\"type\":\"section\",\"props\":{\"image_position\":\"center-center\", \"image_size\": \"cover\", \"padding_bottom\": \"small\", \"padding_top\": \"small\", \"style\": \"primary\", \"text_color\": \"dark\", \"title_breakpoint\":\"xl\", \"posici\u00f3n_del_t\u00edtulo\": \"arriba-izquierda\", \"rotaci\u00f3n_del_t\u00edtulo\": \"izquierda\", \"alineaci\u00f3n_vertical\":\"\", \"anchura\": \"por defecto\"}, \"hijos\":[{\"tipo\": \"fila\", \"hijos\":{\"type\": \"column\", \"props\":{\"image_position\": \"center-center\", \"position_sticky_breakpoint\": \"m\"}, \"children\":[{\"type\": \"panel\", \"props\":{\"content\":\"\"\n\n<p>\n<\/p>\n\\n<h2 class=\"\\&quot;wp-block-heading\\&quot; wp-block-heading\" style=\"\\&quot;text-align:\" left=\"\">Este es el sitio web de Meritresources.org<\/h2>\\n<p style=\"\\&quot;text-align:\" left=\"\"><\/p>\\n<h3 class=\"\\&quot;wp-block-heading\\&quot; wp-block-heading\" style=\"\\&quot;text-align:\" left=\"\">POL\u00cdTICA DE PRIVACIDAD DEL CORREO ELECTR\u00d3NICO<\/h3>\\n<p style=\"\\&quot;text-align:\" left=\"\"><\/p>\\n<p style=\"\\&quot;text-align:\" left=\"\">Hemos creado esta pol\u00edtica de privacidad del correo electr\u00f3nico para demostrar nuestro firme compromiso con su privacidad y la protecci\u00f3n de su informaci\u00f3n.<\/p>\\n<p style=\"\\&quot;text-align:\" left=\"\"><\/p>\\n<h3 class=\"\\&quot;wp-block-heading\\&quot; wp-block-heading\" style=\"\\&quot;text-align:\" left=\"\">\u00bfPOR QU\u00c9 HA RECIBIDO UN CORREO ELECTR\u00d3NICO NUESTRO?<\/h3>\\n<p style=\"\\&quot;text-align:\" left=\"\"><\/p>\\n<p style=\"\\&quot;text-align:\" left=\"\">Si ha recibido un correo nuestro, (a) tu direcci\u00f3n de correo electr\u00f3nico est\u00e1 registrada con nosotros como alguien que ha compartido expresamente esta direcci\u00f3n con el fin de recibir informaci\u00f3n en el futuro (opt-in), o bien (b) usted se ha registrado o ha comprado o tiene una relaci\u00f3n existente con nosotros. Respetamos su tiempo y atenci\u00f3n controlando la frecuencia de nuestros env\u00edos.<\/p>\\n<p style=\"\\&quot;text-align:\" left=\"\"><\/p>\\n<h3 class=\"\\&quot;wp-block-heading\\&quot; wp-block-heading\" style=\"\\&quot;text-align:\" left=\"\">C\u00d3MO PROTEGEMOS SU INTIMIDAD<\/h3>\\n<p style=\"\\&quot;text-align:\" left=\"\"><\/p>\\n<p style=\"\\&quot;text-align:\" left=\"\">Utilizamos medidas de seguridad para proteger contra la p\u00e9rdida, el uso indebido y la alteraci\u00f3n de los datos utilizados por nuestro sistema.<\/p>\\n<p style=\"\\&quot;text-align:\" left=\"\"><\/p>\\n<h3 class=\"\\&quot;wp-block-heading\\&quot; wp-block-heading\" style=\"\\&quot;text-align:\" left=\"\">INTERCAMBIO Y USO<\/h3>\\n<p style=\"\\&quot;text-align:\" left=\"\"><\/p>\\n<p style=\"\\&quot;text-align:\" left=\"\">Nunca compartiremos, venderemos ni alquilaremos informaci\u00f3n personal individual con nadie sin su permiso previo o a menos que lo ordene un tribunal de justicia. La informaci\u00f3n que nos env\u00eda s\u00f3lo est\u00e1 disponible para los empleados que gestionan esta informaci\u00f3n con el fin de ponerse en contacto con usted o enviarle correos electr\u00f3nicos basados en su solicitud de informaci\u00f3n y para los proveedores de servicios contratados con el fin de prestar servicios relacionados con nuestras comunicaciones con usted.<\/p>\\n<p style=\"\\&quot;text-align:\" left=\"\"><\/p>\\n<h3 class=\"\\&quot;wp-block-heading\\&quot; wp-block-heading\" style=\"\\&quot;text-align:\" left=\"\">\u00bfC\u00d3MO PUEDE DEJAR DE RECIBIR NUESTRO CORREO ELECTR\u00d3NICO?<\/h3>\\n<p style=\"\\&quot;text-align:\" left=\"\"><\/p>\\n<p style=\"\\&quot;text-align:\" left=\"\">Cada correo electr\u00f3nico enviado contiene una manera f\u00e1cil y automatizada para que usted deje de recibir correo electr\u00f3nico de nosotros, o para cambiar sus intereses expresados. Si desea hacerlo, s\u00f3lo tiene que seguir las instrucciones que aparecen al final de cualquier correo electr\u00f3nico.<\/p>\\n<p><\/p><\/p>\n<p>\", \"content_column_breakpoint\": \"m\", \"image_align\": \"top\", \"image_grid_breakpoint\": \"m\", \"image_grid_width\": \"1-2\", \"image_svg_color\": \"emphasis\", \"link_style\": \"default\", \"link_text\": \"Leer m\u00e1s\", \"margin_bottom\": \"default\", \"margin_top\": \"default\", \"meta_align\":\"below-title\",\"meta_element\":\"div\",\"meta_style\":\"text-meta\",\"text_align\":\"center\",\"title\":\"\",\"title_align\":\"top\",\"title_element\":\"h4\",\"title_grid_breakpoint\":\"m\",\"title_grid_width\":\"1-2\",\"title_hover_style\":\"reset\"}}]}]}]}],\"version\":\"5.0.17\"} --&gt;<\/p>\n","protected":false},"excerpt":{"rendered":"<p>Pol\u00edtica de privacidad Este es el sitio web de Meritresources.org POL\u00cdTICA DE PRIVACIDAD DEL CORREO ELECTR\u00d3NICO Hemos creado esta pol\u00edtica de privacidad del correo electr\u00f3nico para demostrar nuestro firme compromiso con su privacidad y la protecci\u00f3n de su informaci\u00f3n. \u00bfPOR QU\u00c9 HA RECIBIDO UN CORREO ELECTR\u00d3NICO NUESTRO? Si ha recibido un correo nuestro, (a) su [&hellip;]<\/p>\n","protected":false},"author":1,"featured_media":0,"parent":0,"menu_order":0,"comment_status":"closed","ping_status":"closed","template":"","meta":{"_acf_changed":false,"footnotes":""},"class_list":["post-2758","page","type-page","status-publish","hentry"],"acf":[],"yoast_head":"<!-- This site is optimized with the Yoast SEO plugin v27.5 - https:\/\/yoast.com\/product\/yoast-seo-wordpress\/ -->\n<title>Pol\u00edtica de privacidad de Merit Resources<\/title>\n<meta name=\"description\" content=\"Su privacidad es nuestra m\u00e1xima prioridad. Merit Resources orgullosamente sirviendo Yakima, Ellensburg, Wapato, Toppenish, Sunnyside, Kennewick, Pasco\" \/>\n<meta name=\"robots\" content=\"index, follow, max-snippet:-1, max-image-preview:large, max-video-preview:-1\" \/>\n<link rel=\"canonical\" href=\"https:\/\/www.meritresources.org\/es\/politica-de-privacidad\/\" \/>\n<meta property=\"og:locale\" content=\"es_ES\" \/>\n<meta property=\"og:type\" content=\"article\" \/>\n<meta property=\"og:title\" content=\"Pol\u00edtica de privacidad de Merit Resources\" \/>\n<meta property=\"og:description\" content=\"Su privacidad es nuestra m\u00e1xima prioridad. Merit Resources orgullosamente sirviendo Yakima, Ellensburg, Wapato, Toppenish, Sunnyside, Kennewick, Pasco\" \/>\n<meta property=\"og:url\" content=\"https:\/\/www.meritresources.org\/es\/politica-de-privacidad\/\" \/>\n<meta property=\"og:site_name\" content=\"Merit Resources\" \/>\n<meta property=\"article:modified_time\" content=\"2026-02-25T12:26:54+00:00\" \/>\n<meta name=\"twitter:card\" content=\"summary_large_image\" \/>\n<meta name=\"twitter:label1\" content=\"Tiempo de lectura\" \/>\n\t<meta name=\"twitter:data1\" content=\"3 minutos\" \/>\n<script type=\"application\/ld+json\" class=\"yoast-schema-graph\">{\"@context\":\"https:\\\/\\\/schema.org\",\"@graph\":[{\"@type\":\"WebPage\",\"@id\":\"https:\\\/\\\/www.meritresources.org\\\/es\\\/politica-de-privacidad\\\/\",\"url\":\"https:\\\/\\\/www.meritresources.org\\\/es\\\/politica-de-privacidad\\\/\",\"name\":\"Pol\u00edtica de privacidad de Merit Resources\",\"isPartOf\":{\"@id\":\"http:\\\/\\\/yoo.wsigenesis.com\\\/#website\"},\"datePublished\":\"2022-01-07T16:44:12+00:00\",\"dateModified\":\"2026-02-25T12:26:54+00:00\",\"description\":\"Su privacidad es nuestra m\u00e1xima prioridad. Merit Resources orgullosamente sirviendo Yakima, Ellensburg, Wapato, Toppenish, Sunnyside, Kennewick, Pasco\",\"breadcrumb\":{\"@id\":\"https:\\\/\\\/www.meritresources.org\\\/es\\\/politica-de-privacidad\\\/#breadcrumb\"},\"inLanguage\":\"es\",\"potentialAction\":[{\"@type\":\"ReadAction\",\"target\":[\"https:\\\/\\\/www.meritresources.org\\\/es\\\/politica-de-privacidad\\\/\"]}]},{\"@type\":\"BreadcrumbList\",\"@id\":\"https:\\\/\\\/www.meritresources.org\\\/es\\\/politica-de-privacidad\\\/#breadcrumb\",\"itemListElement\":[{\"@type\":\"ListItem\",\"position\":1,\"name\":\"Home\",\"item\":\"https:\\\/\\\/www.meritresources.org\\\/es\\\/\"},{\"@type\":\"ListItem\",\"position\":2,\"name\":\"Pol\u00edtica de privacidad\"}]},{\"@type\":\"WebSite\",\"@id\":\"http:\\\/\\\/yoo.wsigenesis.com\\\/#website\",\"url\":\"http:\\\/\\\/yoo.wsigenesis.com\\\/\",\"name\":\"Merit Resources\",\"description\":\"Google Web Host\",\"potentialAction\":[{\"@type\":\"SearchAction\",\"target\":{\"@type\":\"EntryPoint\",\"urlTemplate\":\"http:\\\/\\\/yoo.wsigenesis.com\\\/?s={search_term_string}\"},\"query-input\":{\"@type\":\"PropertyValueSpecification\",\"valueRequired\":true,\"valueName\":\"search_term_string\"}}],\"inLanguage\":\"es\"}]}<\/script>\n<!-- \/ Yoast SEO plugin. -->","yoast_head_json":{"title":"Pol\u00edtica de privacidad de Merit Resources","description":"Su privacidad es nuestra m\u00e1xima prioridad. Merit Resources orgullosamente sirviendo Yakima, Ellensburg, Wapato, Toppenish, Sunnyside, Kennewick, Pasco","robots":{"index":"index","follow":"follow","max-snippet":"max-snippet:-1","max-image-preview":"max-image-preview:large","max-video-preview":"max-video-preview:-1"},"canonical":"https:\/\/www.meritresources.org\/es\/politica-de-privacidad\/","og_locale":"es_ES","og_type":"article","og_title":"Pol\u00edtica de privacidad de Merit Resources","og_description":"Su privacidad es nuestra m\u00e1xima prioridad. Merit Resources orgullosamente sirviendo Yakima, Ellensburg, Wapato, Toppenish, Sunnyside, Kennewick, Pasco","og_url":"https:\/\/www.meritresources.org\/es\/politica-de-privacidad\/","og_site_name":"Merit Resources","article_modified_time":"2026-02-25T12:26:54+00:00","twitter_card":"summary_large_image","twitter_misc":{"Tiempo de lectura":"3 minutos"},"schema":{"@context":"https:\/\/schema.org","@graph":[{"@type":"WebPage","@id":"https:\/\/www.meritresources.org\/es\/politica-de-privacidad\/","url":"https:\/\/www.meritresources.org\/es\/politica-de-privacidad\/","name":"Pol\u00edtica de privacidad de Merit Resources","isPartOf":{"@id":"http:\/\/yoo.wsigenesis.com\/#website"},"datePublished":"2022-01-07T16:44:12+00:00","dateModified":"2026-02-25T12:26:54+00:00","description":"Su privacidad es nuestra m\u00e1xima prioridad. Merit Resources orgullosamente sirviendo Yakima, Ellensburg, Wapato, Toppenish, Sunnyside, Kennewick, Pasco","breadcrumb":{"@id":"https:\/\/www.meritresources.org\/es\/politica-de-privacidad\/#breadcrumb"},"inLanguage":"es","potentialAction":[{"@type":"ReadAction","target":["https:\/\/www.meritresources.org\/es\/politica-de-privacidad\/"]}]},{"@type":"BreadcrumbList","@id":"https:\/\/www.meritresources.org\/es\/politica-de-privacidad\/#breadcrumb","itemListElement":[{"@type":"ListItem","position":1,"name":"Home","item":"https:\/\/www.meritresources.org\/es\/"},{"@type":"ListItem","position":2,"name":"Pol\u00edtica de privacidad"}]},{"@type":"WebSite","@id":"http:\/\/yoo.wsigenesis.com\/#website","url":"http:\/\/yoo.wsigenesis.com\/","name":"Merit Resources","description":"Google Web Host","potentialAction":[{"@type":"SearchAction","target":{"@type":"EntryPoint","urlTemplate":"http:\/\/yoo.wsigenesis.com\/?s={search_term_string}"},"query-input":{"@type":"PropertyValueSpecification","valueRequired":true,"valueName":"search_term_string"}}],"inLanguage":"es"}]}},"_links":{"self":[{"href":"https:\/\/www.meritresources.org\/es\/wp-json\/wp\/v2\/pages\/2758","targetHints":{"allow":["GET"]}}],"collection":[{"href":"https:\/\/www.meritresources.org\/es\/wp-json\/wp\/v2\/pages"}],"about":[{"href":"https:\/\/www.meritresources.org\/es\/wp-json\/wp\/v2\/types\/page"}],"author":[{"embeddable":true,"href":"https:\/\/www.meritresources.org\/es\/wp-json\/wp\/v2\/users\/1"}],"replies":[{"embeddable":true,"href":"https:\/\/www.meritresources.org\/es\/wp-json\/wp\/v2\/comments?post=2758"}],"version-history":[{"count":2,"href":"https:\/\/www.meritresources.org\/es\/wp-json\/wp\/v2\/pages\/2758\/revisions"}],"predecessor-version":[{"id":4145,"href":"https:\/\/www.meritresources.org\/es\/wp-json\/wp\/v2\/pages\/2758\/revisions\/4145"}],"wp:attachment":[{"href":"https:\/\/www.meritresources.org\/es\/wp-json\/wp\/v2\/media?parent=2758"}],"curies":[{"name":"wp","href":"https:\/\/api.w.org\/{rel}","templated":true}]}}