{"id":2771,"date":"2022-11-29T17:38:55","date_gmt":"2022-11-29T17:38:55","guid":{"rendered":"https:\/\/www.meritresources.org\/plan-estrategico\/"},"modified":"2023-06-21T08:26:03","modified_gmt":"2023-06-21T08:26:03","slug":"plan-estrategico","status":"publish","type":"page","link":"https:\/\/www.meritresources.org\/es\/plan-estrategico\/","title":{"rendered":"Plan Estrat\u00e9gico"},"content":{"rendered":"<h1><span>Plan Estrat\u00e9gico<\/span><\/h1>\n<div>\n<h4>Crecer y mejorar<\/h4>\n<div>\n<p><span>En Merit Resource Services siempre intentamos mejorar nuestra forma de hacer las cosas. En nuestro esfuerzo por crecer y mejorar, hemos elaborado un plan estrat\u00e9gico con las aportaciones de la direcci\u00f3n, el consejo de administraci\u00f3n, las personas atendidas, los socios comunitarios, las partes interesadas y otras partes interesadas. En este esfuerzo, programamos retiros anuales de planificaci\u00f3n estrat\u00e9gica en los que participan el Consejo de Administraci\u00f3n, el equipo administrativo, el equipo directivo y el equipo de supervisores cl\u00ednicos.Nos interesa conocer su opini\u00f3n sobre c\u00f3mo podemos mejorar los servicios..<\/span><\/p>\n<\/div>\n<\/div>\n<h3>Contact Us<\/h3>\n<div>\n<script>\nvar gform;gform||(document.addEventListener(\"gform_main_scripts_loaded\",function(){gform.scriptsLoaded=!0}),document.addEventListener(\"gform\/theme\/scripts_loaded\",function(){gform.themeScriptsLoaded=!0}),window.addEventListener(\"DOMContentLoaded\",function(){gform.domLoaded=!0}),gform={domLoaded:!1,scriptsLoaded:!1,themeScriptsLoaded:!1,isFormEditor:()=>\"function\"==typeof InitializeEditor,callIfLoaded:function(o){return!(!gform.domLoaded||!gform.scriptsLoaded||!gform.themeScriptsLoaded&&!gform.isFormEditor()||(gform.isFormEditor()&&console.warn(\"The use of gform.initializeOnLoaded() is deprecated in the form editor context and will be removed in Gravity Forms 3.1.\"),o(),0))},initializeOnLoaded:function(o){gform.callIfLoaded(o)||(document.addEventListener(\"gform_main_scripts_loaded\",()=>{gform.scriptsLoaded=!0,gform.callIfLoaded(o)}),document.addEventListener(\"gform\/theme\/scripts_loaded\",()=>{gform.themeScriptsLoaded=!0,gform.callIfLoaded(o)}),window.addEventListener(\"DOMContentLoaded\",()=>{gform.domLoaded=!0,gform.callIfLoaded(o)}))},hooks:{action:{},filter:{}},addAction:function(o,r,e,t){gform.addHook(\"action\",o,r,e,t)},addFilter:function(o,r,e,t){gform.addHook(\"filter\",o,r,e,t)},doAction:function(o){gform.doHook(\"action\",o,arguments)},applyFilters:function(o){return gform.doHook(\"filter\",o,arguments)},removeAction:function(o,r){gform.removeHook(\"action\",o,r)},removeFilter:function(o,r,e){gform.removeHook(\"filter\",o,r,e)},addHook:function(o,r,e,t,n){null==gform.hooks[o][r]&&(gform.hooks[o][r]=[]);var d=gform.hooks[o][r];null==n&&(n=r+\"_\"+d.length),gform.hooks[o][r].push({tag:n,callable:e,priority:t=null==t?10:t})},doHook:function(r,o,e){var t;if(e=Array.prototype.slice.call(e,1),null!=gform.hooks[r][o]&&((o=gform.hooks[r][o]).sort(function(o,r){return o.priority-r.priority}),o.forEach(function(o){\"function\"!=typeof(t=o.callable)&&(t=window[t]),\"action\"==r?t.apply(null,e):e[0]=t.apply(null,e)})),\"filter\"==r)return e[0]},removeHook:function(o,r,t,n){var e;null!=gform.hooks[o][r]&&(e=(e=gform.hooks[o][r]).filter(function(o,r,e){return!!(null!=n&&n!=o.tag||null!=t&&t!=o.priority)}),gform.hooks[o][r]=e)}});\n<\/script>\n\n                <div class='gf_browser_gecko gform_wrapper gravity-theme gform-theme--no-framework' data-form-theme='gravity-theme' data-form-index='0' id='gform_wrapper_1' >\n                        <div class='gform_heading'>\n                            <p class='gform_description'><\/p>\n                        <\/div><form method='post' enctype='multipart\/form-data'  id='gform_1'  action='\/es\/wp-json\/wp\/v2\/pages\/2771' data-formid='1' novalidate>\n                        <div class='gform-body gform_body'><div id='gform_fields_1' class='gform_fields top_label form_sublabel_below description_below validation_below'><div id=\"field_1_7\" class=\"gfield gfield--type-honeypot gform_validation_container field_sublabel_below gfield--has-description field_description_below field_validation_below gfield_visibility_visible\"  ><label class='gfield_label gform-field-label' for='input_1_7'>URL<\/label><div class='ginput_container'><input name='input_7' id='input_1_7' type='text' value='' autocomplete='new-password'\/><\/div><div class='gfield_description' id='gfield_description_1_7'>Este campo es un campo de validaci\u00f3n y debe quedar sin cambios.<\/div><\/div><fieldset id=\"field_1_1\" class=\"gfield gfield--type-name field_sublabel_hidden_label gfield--no-description field_description_below hidden_label field_validation_below gfield_visibility_visible\"  ><legend class='gfield_label gform-field-label gfield_label_before_complex' >Name<\/legend><div class='ginput_complex ginput_container ginput_container--name no_prefix has_first_name no_middle_name has_last_name no_suffix gf_name_has_2 ginput_container_name gform-grid-row' id='input_1_1'>\n                            \n                            <span id='input_1_1_3_container' class='name_first gform-grid-col gform-grid-col--size-auto' >\n                                                    <input type='text' name='input_1.3' id='input_1_1_3' value=''   aria-required='false'   placeholder='First Name'  \/>\n                                                    <label for='input_1_1_3' class='gform-field-label gform-field-label--type-sub hidden_sub_label screen-reader-text'>Nombre<\/label>\n                                                <\/span>\n                            \n                            <span id='input_1_1_6_container' class='name_last gform-grid-col gform-grid-col--size-auto' >\n                                                    <input type='text' name='input_1.6' id='input_1_1_6' value=''   aria-required='false'   placeholder='Last Name'  \/>\n                                                    <label for='input_1_1_6' class='gform-field-label gform-field-label--type-sub hidden_sub_label screen-reader-text'>Apellidos<\/label>\n                                                <\/span>\n                            \n                        <\/div><\/fieldset><div id=\"field_1_3\" class=\"gfield gfield--type-phone gfield--width-half field_sublabel_below gfield--no-description field_description_below hidden_label field_validation_below gfield_visibility_visible\"  ><label class='gfield_label gform-field-label' for='input_1_3'>Phone<\/label><div class='ginput_container ginput_container_phone'><input name='input_3' id='input_1_3' type='tel' value='' class='large'  placeholder='Phone'  aria-invalid=\"false\"   \/><\/div><\/div><div id=\"field_1_4\" class=\"gfield gfield--type-email gfield--width-half field_sublabel_below gfield--no-description field_description_below hidden_label field_validation_below gfield_visibility_visible\"  ><label class='gfield_label gform-field-label' for='input_1_4'>Email<\/label><div class='ginput_container ginput_container_email'>\n                            <input name='input_4' id='input_1_4' type='email' value='' class='large'   placeholder='Email'  aria-invalid=\"false\"  \/>\n                        <\/div><\/div><div id=\"field_1_6\" class=\"gfield gfield--type-textarea gfield--width-full field_sublabel_below gfield--no-description field_description_below hidden_label field_validation_below gfield_visibility_visible\"  ><label class='gfield_label gform-field-label' for='input_1_6'>Untitled<\/label><div class='ginput_container ginput_container_textarea'><textarea name='input_6' id='input_1_6' class='textarea large'    placeholder='Message'  aria-invalid=\"false\"   rows='10' cols='50'><\/textarea><\/div><\/div><\/div><\/div>\n        <div class='gform-footer gform_footer top_label'> <input type='submit' id='gform_submit_button_1' class='gform_button button' onclick='gform.submission.handleButtonClick(this);' data-submission-type='submit' value='Send'  \/> \n            <input type='hidden' class='gform_hidden' name='gform_submission_method' data-js='gform_submission_method_1' value='postback' \/>\n            <input type='hidden' class='gform_hidden' name='gform_theme' data-js='gform_theme_1' id='gform_theme_1' value='gravity-theme' \/>\n            <input type='hidden' class='gform_hidden' name='gform_style_settings' data-js='gform_style_settings_1' id='gform_style_settings_1' value='[]' \/>\n            <input type='hidden' class='gform_hidden' name='is_submit_1' value='1' \/>\n            <input type='hidden' class='gform_hidden' name='gform_submit' value='1' \/>\n            \n            <input type='hidden' class='gform_hidden' name='gform_currency' data-currency='USD' value='fGPBca8st+5AoK9+ULXhWwQfRsfq31hljZL5Z3Vl6JhUnWJPToo71InLUtzH6cUG3jyo16eRnb+FzxZTPW2PQ0chl3YSY+lkjyiahANqdL\/cjHs=' \/>\n            <input type='hidden' class='gform_hidden' name='gform_unique_id' value='' \/>\n            <input type='hidden' class='gform_hidden' name='state_1' value='WyJbXSIsImU5YzY0ZTFlNjY4ZmY5YjBiOTNkYWYxNTE1YmEyYjJkIl0=' \/>\n            <input type='hidden' autocomplete='off' class='gform_hidden' name='gform_target_page_number_1' id='gform_target_page_number_1' value='0' \/>\n            <input type='hidden' autocomplete='off' class='gform_hidden' name='gform_source_page_number_1' id='gform_source_page_number_1' value='1' \/>\n            <input type='hidden' name='gform_field_values' value='' \/>\n            \n        <\/div>\n                        <\/form>\n                        <\/div><script>\ngform.initializeOnLoaded( function() {gformInitSpinner( 1, 'https:\/\/www.meritresources.org\/wp-content\/plugins\/gravityforms\/images\/spinner.svg', true );jQuery('#gform_ajax_frame_1').on('load',function(){var contents = jQuery(this).contents().find('*').html();var is_postback = contents.indexOf('GF_AJAX_POSTBACK') >= 0;if(!is_postback){return;}var form_content = jQuery(this).contents().find('#gform_wrapper_1');var is_confirmation = jQuery(this).contents().find('#gform_confirmation_wrapper_1').length > 0;var is_redirect = contents.indexOf('gformRedirect(){') >= 0;var is_form = form_content.length > 0 && ! is_redirect && ! is_confirmation;var mt = parseInt(jQuery('html').css('margin-top'), 10) + parseInt(jQuery('body').css('margin-top'), 10) + 100;if(is_form){jQuery('#gform_wrapper_1').html(form_content.html());if(form_content.hasClass('gform_validation_error')){jQuery('#gform_wrapper_1').addClass('gform_validation_error');} else {jQuery('#gform_wrapper_1').removeClass('gform_validation_error');}setTimeout( function() { \/* delay the scroll by 50 milliseconds to fix a bug in chrome *\/  }, 50 );if(window['gformInitDatepicker']) {gformInitDatepicker();}if(window['gformInitPriceFields']) {gformInitPriceFields();}var current_page = jQuery('#gform_source_page_number_1').val();gformInitSpinner( 1, 'https:\/\/www.meritresources.org\/wp-content\/plugins\/gravityforms\/images\/spinner.svg', true );jQuery(document).trigger('gform_page_loaded', [1, current_page]);window['gf_submitting_1'] = false;}else if(!is_redirect){var confirmation_content = jQuery(this).contents().find('.GF_AJAX_POSTBACK').html();if(!confirmation_content){confirmation_content = contents;}jQuery('#gform_wrapper_1').replaceWith(confirmation_content);jQuery(document).trigger('gform_confirmation_loaded', [1]);window['gf_submitting_1'] = false;wp.a11y.speak(jQuery('#gform_confirmation_message_1').text());}else{jQuery('#gform_1').append(contents);if(window['gformRedirect']) {gformRedirect();}}jQuery(document).trigger(\"gform_pre_post_render\", [{ formId: \"1\", currentPage: \"current_page\", abort: function() { this.preventDefault(); } }]);        if (event && event.defaultPrevented) {                return;        }        const gformWrapperDiv = document.getElementById( \"gform_wrapper_1\" );        if ( gformWrapperDiv ) {            const visibilitySpan = document.createElement( \"span\" );            visibilitySpan.id = \"gform_visibility_test_1\";            gformWrapperDiv.insertAdjacentElement( \"afterend\", visibilitySpan );        }        const visibilityTestDiv = document.getElementById( \"gform_visibility_test_1\" );        let postRenderFired = false;        function triggerPostRender() {            if ( postRenderFired ) {                return;            }            postRenderFired = true;            gform.core.triggerPostRenderEvents( 1, current_page );            if ( visibilityTestDiv ) {                visibilityTestDiv.parentNode.removeChild( visibilityTestDiv );            }        }        function debounce( func, wait, immediate ) {            var timeout;            return function() {                var context = this, args = arguments;                var later = function() {                    timeout = null;                    if ( !immediate ) func.apply( context, args );                };                var callNow = immediate && !timeout;                clearTimeout( timeout );                timeout = setTimeout( later, wait );                if ( callNow ) func.apply( context, args );            };        }        const debouncedTriggerPostRender = debounce( function() {            triggerPostRender();        }, 200 );        if ( visibilityTestDiv && visibilityTestDiv.offsetParent === null ) {            const observer = new MutationObserver( ( mutations ) => {                mutations.forEach( ( mutation ) => {                    if ( mutation.type === 'attributes' && visibilityTestDiv.offsetParent !== null ) {                        debouncedTriggerPostRender();                        observer.disconnect();                    }                });            });            observer.observe( document.body, {                attributes: true,                childList: false,                subtree: true,                attributeFilter: [ 'style', 'class' ],            });        } else {            triggerPostRender();        }    } );} );\n<\/script>\n\n<\/div>\n<p><!--more--><br \/>\n<!-- {\"type\":\"layout\",\"children\":[{\"type\":\"section\",\"props\":{\"class\":\"ws-top__margin ws-about__top-banner\",\"image\":\"wp-content\\\/uploads\\\/2023\\\/02\\\/header-image-10.png\",\"image_position\":\"bottom-center\",\"image_size\":\"cover\",\"padding\":\"xlarge\",\"style\":\"default\",\"title_breakpoint\":\"xl\",\"title_position\":\"top-left\",\"title_rotation\":\"left\",\"vertical_align\":\"middle\",\"width\":\"default\"},\"children\":[{\"type\":\"row\",\"children\":[{\"type\":\"column\",\"props\":{\"image_position\":\"center-center\",\"position_sticky_breakpoint\":\"m\"},\"children\":[{\"type\":\"headline\",\"props\":{\"content\":\"<span>Plan Estrat\\u00e9gico<\\\/span>\",\"text_align\":\"center\",\"title_element\":\"h1\"}},{\"type\":\"breadcrumbs\",\"props\":{\"show_current\":true,\"show_home\":true,\"text_align\":\"center\"}}]}]}]},{\"type\":\"section\",\"props\":{\"class\":\"ws-about__info\",\"image\":\"wp-content\\\/uploads\\\/2023\\\/02\\\/Resources.png\",\"image_position\":\"center-center\",\"image_size\":\"cover\",\"style\":\"default\",\"title_breakpoint\":\"xl\",\"title_position\":\"top-left\",\"title_rotation\":\"left\",\"vertical_align\":\"middle\",\"width\":\"xlarge\"},\"children\":[{\"type\":\"row\",\"props\":{\"layout\":\"1-2,1-2\"},\"children\":[{\"type\":\"column\",\"props\":{\"image_position\":\"center-center\",\"position_sticky_breakpoint\":\"m\",\"width_medium\":\"1-2\"},\"children\":[{\"type\":\"panel\",\"props\":{\"content\":\"\n\n<p><span>En Merit Resource Services siempre intentamos mejorar nuestra forma de hacer las cosas. En nuestro esfuerzo por crecer y mejorar, hemos elaborado un plan estrat\\u00e9gico con las aportaciones de la direcci\\u00f3n, el consejo de administraci\\u00f3n, las personas atendidas, los socios comunitarios, las partes interesadas y otras partes interesadas. En este esfuerzo, programamos retiros anuales de planificaci\\u00f3n estrat\\u00e9gica en los que participan el Consejo de Administraci\\u00f3n, el equipo administrativo, el equipo directivo y el equipo de supervisores cl\\u00ednicos.Nos interesa conocer su opini\\u00f3n sobre c\\u00f3mo podemos mejorar los servicios..<\\\/span><\\\/p>\",\"content_column_breakpoint\":\"m\",\"content_margin\":\"small\",\"content_style\":\"text-large\",\"icon_width\":80,\"image_align\":\"top\",\"image_grid_breakpoint\":\"m\",\"image_grid_width\":\"1-2\",\"image_svg_color\":\"emphasis\",\"link_style\":\"default\",\"link_text\":\"Read more\",\"margin\":\"medium\",\"meta_align\":\"below-title\",\"meta_element\":\"div\",\"meta_style\":\"text-meta\",\"text_align\":\"center\",\"title\":\"Crecer y mejorar\",\"title_align\":\"top\",\"title_element\":\"h4\",\"title_grid_breakpoint\":\"m\",\"title_grid_width\":\"1-2\",\"title_hover_style\":\"reset\"}}]},{\"type\":\"column\",\"props\":{\"image_position\":\"center-center\",\"position_sticky_breakpoint\":\"m\",\"width_medium\":\"1-2\"}}]}]},{\"type\":\"section\",\"props\":{\"class\":\"ws-about__form-parent\",\"image\":\"wp-content\\\/uploads\\\/2023\\\/02\\\/Color-Line_Contact-Us.jpg\",\"image_position\":\"center-center\",\"style\":\"default\",\"title_breakpoint\":\"xl\",\"title_position\":\"top-left\",\"title_rotation\":\"left\",\"vertical_align\":\"middle\",\"width\":\"default\"},\"children\":[{\"type\":\"row\",\"children\":[{\"type\":\"column\",\"props\":{\"image_position\":\"center-center\",\"position_sticky_breakpoint\":\"m\"},\"children\":[{\"type\":\"headline\",\"props\":{\"content\":\"Contact Us\",\"maxwidth\":\"large\",\"text_align\":\"center\",\"title_color\":\"emphasis\",\"title_element\":\"h3\"}},{\"type\":\"text\",\"props\":{\"class\":\"ws-about__form\",\"column_breakpoint\":\"m\",\"content\":\"\n\n<p>[gravityform id=\\\"1\\\" title=\\\"false\\\"]<\\\/p>\",\"margin\":\"default\",\"maxwidth\":\"large\"}}]}]}]}],\"version\":\"4.0.6\"} --><\/p>\n","protected":false},"excerpt":{"rendered":"<p>Plan Estrat\u00e9gico Crecer y mejorar En Merit Resource Services siempre intentamos mejorar nuestra forma de hacer las cosas. En nuestro esfuerzo por crecer y mejorar, hemos elaborado un plan estrat\u00e9gico con las aportaciones de la direcci\u00f3n, el consejo de administraci\u00f3n, las personas atendidas, los socios comunitarios, las partes interesadas y otras partes interesadas. En este [&hellip;]<\/p>\n","protected":false},"author":1,"featured_media":0,"parent":0,"menu_order":0,"comment_status":"closed","ping_status":"closed","template":"","meta":{"_acf_changed":false,"footnotes":""},"class_list":["post-2771","page","type-page","status-publish","hentry"],"acf":[],"yoast_head":"<!-- This site is optimized with the Yoast SEO plugin v27.4 - https:\/\/yoast.com\/product\/yoast-seo-wordpress\/ -->\n<title>Planificaci\u00f3n estrat\u00e9gica: Nuestra respuesta a las crecientes oportunidades | Recursos de m\u00e9rito en Washington Central<\/title>\n<meta name=\"description\" content=\"Merit Resource Services, siempre intentamos mejorar nuestros m\u00e9todos de tratamiento y servicios. Obtenga m\u00e1s informaci\u00f3n aqu\u00ed. Sirviendo en Yakima, Ellensburg, Wapato, Toppenish, Sunnyside, Kennewick, Pasco\" \/>\n<meta name=\"robots\" content=\"index, follow, max-snippet:-1, max-image-preview:large, max-video-preview:-1\" \/>\n<link rel=\"canonical\" href=\"https:\/\/www.meritresources.org\/es\/plan-estrategico\/\" \/>\n<meta property=\"og:locale\" content=\"es_ES\" \/>\n<meta property=\"og:type\" content=\"article\" \/>\n<meta property=\"og:title\" content=\"Planificaci\u00f3n estrat\u00e9gica: Nuestra respuesta a las crecientes oportunidades | Recursos de m\u00e9rito en Washington Central\" \/>\n<meta property=\"og:description\" content=\"Merit Resource Services, siempre intentamos mejorar nuestros m\u00e9todos de tratamiento y servicios. Obtenga m\u00e1s informaci\u00f3n aqu\u00ed. Sirviendo en Yakima, Ellensburg, Wapato, Toppenish, Sunnyside, Kennewick, Pasco\" \/>\n<meta property=\"og:url\" content=\"https:\/\/www.meritresources.org\/es\/plan-estrategico\/\" \/>\n<meta property=\"og:site_name\" content=\"Merit Resources\" \/>\n<meta property=\"article:modified_time\" content=\"2023-06-21T08:26:03+00:00\" \/>\n<meta name=\"twitter:card\" content=\"summary_large_image\" \/>\n<meta name=\"twitter:label1\" content=\"Tiempo de lectura\" \/>\n\t<meta name=\"twitter:data1\" content=\"1 minuto\" \/>\n<script type=\"application\/ld+json\" class=\"yoast-schema-graph\">{\"@context\":\"https:\\\/\\\/schema.org\",\"@graph\":[{\"@type\":\"WebPage\",\"@id\":\"https:\\\/\\\/www.meritresources.org\\\/es\\\/plan-estrategico\\\/\",\"url\":\"https:\\\/\\\/www.meritresources.org\\\/es\\\/plan-estrategico\\\/\",\"name\":\"Planificaci\u00f3n estrat\u00e9gica: Nuestra respuesta a las crecientes oportunidades | Recursos de m\u00e9rito en Washington Central\",\"isPartOf\":{\"@id\":\"http:\\\/\\\/yoo.wsigenesis.com\\\/#website\"},\"datePublished\":\"2022-11-29T17:38:55+00:00\",\"dateModified\":\"2023-06-21T08:26:03+00:00\",\"description\":\"Merit Resource Services, siempre intentamos mejorar nuestros m\u00e9todos de tratamiento y servicios. Obtenga m\u00e1s informaci\u00f3n aqu\u00ed. Sirviendo en Yakima, Ellensburg, Wapato, Toppenish, Sunnyside, Kennewick, Pasco\",\"breadcrumb\":{\"@id\":\"https:\\\/\\\/www.meritresources.org\\\/es\\\/plan-estrategico\\\/#breadcrumb\"},\"inLanguage\":\"es\",\"potentialAction\":[{\"@type\":\"ReadAction\",\"target\":[\"https:\\\/\\\/www.meritresources.org\\\/es\\\/plan-estrategico\\\/\"]}]},{\"@type\":\"BreadcrumbList\",\"@id\":\"https:\\\/\\\/www.meritresources.org\\\/es\\\/plan-estrategico\\\/#breadcrumb\",\"itemListElement\":[{\"@type\":\"ListItem\",\"position\":1,\"name\":\"Home\",\"item\":\"https:\\\/\\\/www.meritresources.org\\\/es\\\/\"},{\"@type\":\"ListItem\",\"position\":2,\"name\":\"Plan Estrat\u00e9gico\"}]},{\"@type\":\"WebSite\",\"@id\":\"http:\\\/\\\/yoo.wsigenesis.com\\\/#website\",\"url\":\"http:\\\/\\\/yoo.wsigenesis.com\\\/\",\"name\":\"Merit Resources\",\"description\":\"Google Web Host\",\"potentialAction\":[{\"@type\":\"SearchAction\",\"target\":{\"@type\":\"EntryPoint\",\"urlTemplate\":\"http:\\\/\\\/yoo.wsigenesis.com\\\/?s={search_term_string}\"},\"query-input\":{\"@type\":\"PropertyValueSpecification\",\"valueRequired\":true,\"valueName\":\"search_term_string\"}}],\"inLanguage\":\"es\"}]}<\/script>\n<!-- \/ Yoast SEO plugin. -->","yoast_head_json":{"title":"Planificaci\u00f3n estrat\u00e9gica: Nuestra respuesta a las crecientes oportunidades | Recursos de m\u00e9rito en Washington Central","description":"Merit Resource Services, siempre intentamos mejorar nuestros m\u00e9todos de tratamiento y servicios. Obtenga m\u00e1s informaci\u00f3n aqu\u00ed. Sirviendo en Yakima, Ellensburg, Wapato, Toppenish, Sunnyside, Kennewick, Pasco","robots":{"index":"index","follow":"follow","max-snippet":"max-snippet:-1","max-image-preview":"max-image-preview:large","max-video-preview":"max-video-preview:-1"},"canonical":"https:\/\/www.meritresources.org\/es\/plan-estrategico\/","og_locale":"es_ES","og_type":"article","og_title":"Planificaci\u00f3n estrat\u00e9gica: Nuestra respuesta a las crecientes oportunidades | Recursos de m\u00e9rito en Washington Central","og_description":"Merit Resource Services, siempre intentamos mejorar nuestros m\u00e9todos de tratamiento y servicios. Obtenga m\u00e1s informaci\u00f3n aqu\u00ed. Sirviendo en Yakima, Ellensburg, Wapato, Toppenish, Sunnyside, Kennewick, Pasco","og_url":"https:\/\/www.meritresources.org\/es\/plan-estrategico\/","og_site_name":"Merit Resources","article_modified_time":"2023-06-21T08:26:03+00:00","twitter_card":"summary_large_image","twitter_misc":{"Tiempo de lectura":"1 minuto"},"schema":{"@context":"https:\/\/schema.org","@graph":[{"@type":"WebPage","@id":"https:\/\/www.meritresources.org\/es\/plan-estrategico\/","url":"https:\/\/www.meritresources.org\/es\/plan-estrategico\/","name":"Planificaci\u00f3n estrat\u00e9gica: Nuestra respuesta a las crecientes oportunidades | Recursos de m\u00e9rito en Washington Central","isPartOf":{"@id":"http:\/\/yoo.wsigenesis.com\/#website"},"datePublished":"2022-11-29T17:38:55+00:00","dateModified":"2023-06-21T08:26:03+00:00","description":"Merit Resource Services, siempre intentamos mejorar nuestros m\u00e9todos de tratamiento y servicios. Obtenga m\u00e1s informaci\u00f3n aqu\u00ed. Sirviendo en Yakima, Ellensburg, Wapato, Toppenish, Sunnyside, Kennewick, Pasco","breadcrumb":{"@id":"https:\/\/www.meritresources.org\/es\/plan-estrategico\/#breadcrumb"},"inLanguage":"es","potentialAction":[{"@type":"ReadAction","target":["https:\/\/www.meritresources.org\/es\/plan-estrategico\/"]}]},{"@type":"BreadcrumbList","@id":"https:\/\/www.meritresources.org\/es\/plan-estrategico\/#breadcrumb","itemListElement":[{"@type":"ListItem","position":1,"name":"Home","item":"https:\/\/www.meritresources.org\/es\/"},{"@type":"ListItem","position":2,"name":"Plan Estrat\u00e9gico"}]},{"@type":"WebSite","@id":"http:\/\/yoo.wsigenesis.com\/#website","url":"http:\/\/yoo.wsigenesis.com\/","name":"Merit Resources","description":"Google Web Host","potentialAction":[{"@type":"SearchAction","target":{"@type":"EntryPoint","urlTemplate":"http:\/\/yoo.wsigenesis.com\/?s={search_term_string}"},"query-input":{"@type":"PropertyValueSpecification","valueRequired":true,"valueName":"search_term_string"}}],"inLanguage":"es"}]}},"_links":{"self":[{"href":"https:\/\/www.meritresources.org\/es\/wp-json\/wp\/v2\/pages\/2771","targetHints":{"allow":["GET"]}}],"collection":[{"href":"https:\/\/www.meritresources.org\/es\/wp-json\/wp\/v2\/pages"}],"about":[{"href":"https:\/\/www.meritresources.org\/es\/wp-json\/wp\/v2\/types\/page"}],"author":[{"embeddable":true,"href":"https:\/\/www.meritresources.org\/es\/wp-json\/wp\/v2\/users\/1"}],"replies":[{"embeddable":true,"href":"https:\/\/www.meritresources.org\/es\/wp-json\/wp\/v2\/comments?post=2771"}],"version-history":[{"count":1,"href":"https:\/\/www.meritresources.org\/es\/wp-json\/wp\/v2\/pages\/2771\/revisions"}],"predecessor-version":[{"id":2891,"href":"https:\/\/www.meritresources.org\/es\/wp-json\/wp\/v2\/pages\/2771\/revisions\/2891"}],"wp:attachment":[{"href":"https:\/\/www.meritresources.org\/es\/wp-json\/wp\/v2\/media?parent=2771"}],"curies":[{"name":"wp","href":"https:\/\/api.w.org\/{rel}","templated":true}]}}