{"id":2781,"date":"2023-01-13T18:53:53","date_gmt":"2023-01-13T18:53:53","guid":{"rendered":"https:\/\/www.meritresources.org\/mapa-del-sitio\/"},"modified":"2023-05-31T19:44:06","modified_gmt":"2023-05-31T19:44:06","slug":"mapa-del-sitio","status":"publish","type":"page","link":"https:\/\/www.meritresources.org\/es\/mapa-del-sitio\/","title":{"rendered":"Mapa del sitio"},"content":{"rendered":"\n<p><span style=\"color: #000000;\"><\/span><wp-block data-block=\"core\/more\"><\/wp-block><\/p>\n\n<style>.sitemap a {\n    color: #000 !important;\n}<\/style>\n<div class=\"sitemap\">\n    <p><span style=\"color: #000000;\"><a style=\"color: #000000;\" href=\"https:\/\/www.meritresources.org\/es\/servicios-de-tratamiento\/\">Apoyo de Drogas y Alcohol en Yakima,\n  Ellensburg, Wapato, Sunnyside, Kennewick, Pasco<\/a><\/span><br\/><span style=\"color: #000000;\"><a style=\"color: #000000;\" href=\"https:\/\/www.meritresources.org\/treatment-services\/alcohol-addiction\/\">Tratamiento de la adicci\u00f3n al alcohol\n  Servicios en Yakima, Ellensburg, Wapato, Sunnyside, Kennewick, Pasco<\/a><\/span><br\/><span style=\"color: #000000;\"><a style=\"color: #000000;\" href=\"https:\/\/www.meritresources.org\/es\/acreditacion-carf-2\/\">Acreditaci\u00f3n CARF: Qui\u00e9nes somos\n  Son<\/a><\/span><br\/><span style=\"color: #000000;\"><a style=\"color: #000000;\" href=\"https:\/\/www.meritresources.org\/es\/sobre-nosotros\/codigo-etico\/\">C\u00f3digo \u00e9tico de Merit for Treatment\n  y Recuperaci\u00f3n<\/a><\/span><br\/><span style=\"color: #000000;\"><a style=\"color: #000000;\" href=\"https:\/\/www.meritresources.org\/es\/linea-de-color\/\">L\u00ednea de color del d\u00eda + Tel\u00e9fono\n  N\u00famero<\/a><\/span><br\/><span style=\"color: #000000;\"><a style=\"color: #000000;\" href=\"https:\/\/www.meritresources.org\/es\/contacto\/\">P\u00f3ngase en contacto con Merit Rehabilitation Services en Central\n  Washington<\/a><\/span><br\/><span style=\"color: #000000;\"><a style=\"color: #000000;\" href=\"https:\/\/www.meritresources.org\/treatment-services\/drug-addiction\/\">Tratamiento de la drogadicci\u00f3n\n  Servicios en Yakima, Ellensburg, Wapato, Sunnyside, Kennewick, Pasco<\/a><\/span><br\/><span style=\"color: #000000;\"><a style=\"color: #000000;\" href=\"https:\/\/www.meritresources.org\/es\/oportunidades-de-empleo\/\">Oportunidades de empleo en rehabilitaci\u00f3n\n  en Washington Central<\/a><\/span><br\/><span style=\"color: #000000;\"><a style=\"color: #000000;\" href=\"https:\/\/www.meritresources.org\/es\/sobre-nosotros\/h-beca-kelleher\/\">H. Kelleher: Conozca\n  C\u00f3mo solicitarlo<\/a><\/span><br\/><span style=\"color: #000000;\"><a style=\"color: #000000;\" href=\"https:\/\/www.meritresources.org\/es\/acreditacion-carf-2\/informacion-de-rendimiento\/\">Datos de pacientes hospitalizados y ambulatorios\n  Rendimiento en Merit<\/a><\/span><br\/><span style=\"color: #000000;\"><a style=\"color: #000000;\" href=\"https:\/\/www.meritresources.org\/es\/boletin-de-noticias\/\">\u00daltimo bolet\u00edn informativo: Alcoholismo y drogas\n  Tratamiento<\/a><\/span><br\/><span style=\"color: #000000;\"><a style=\"color: #000000;\" href=\"https:\/\/www.meritresources.org\/es\/ubicaciones\/\">Ubicaciones en Yakima, Ellensburg, Wapato, Sunnyside,\n  Kennewick, Pasco<\/a><\/span><br\/><span style=\"color: #000000;\"><a style=\"color: #000000;\" href=\"https:\/\/www.meritresources.org\/es\/sobre-nosotros\/consejo-de-administracion\/\">Conozca a nuestro Consejo de Administraci\u00f3n:\n  Tratamiento y asesoramiento<\/a><\/span><br\/><span style=\"color: #000000;\"><a style=\"color: #000000;\" href=\"https:\/\/www.meritresources.org\/steategic-plan\/\">Planificaci\u00f3n estrat\u00e9gica: Nuestra respuesta al crecimiento\n  Oportunidades<\/a><\/span><br\/><span style=\"color: #000000;\"><a style=\"color: #000000;\" href=\"https:\/\/www.meritresources.org\/es\/recursos\/\">Recursos para el tratamiento del alcoholismo y la drogadicci\u00f3n\n  Informaci\u00f3n en Washington Central<\/a><\/span><\/p>\n    <p><span style=\"color: #000000;\">UBICACIONES<\/span><\/p>\n    <div class=\"public-DraftStyleDefault-block public-DraftStyleDefault-ltr\" data-offset-key=\"bllcj07f-0-0\"><span style=\"color: #000000;\"><a style=\"color: #000000;\" href=\"https:\/\/www.meritresources.org\/es\/localizacion-ellensburg\/\">Ellensburg<\/a><\/span><\/div>\n    <div class=\"public-DraftStyleDefault-block public-DraftStyleDefault-ltr\" data-offset-key=\"crvfueca-0-0\"><span style=\"color: #000000;\"><a style=\"color: #000000;\" href=\"https:\/\/www.meritresources.org\/es\/localizacion-kennewick\/\">Kennewick<\/a><\/span><\/div>\n    <div class=\"public-DraftStyleDefault-block public-DraftStyleDefault-ltr\" data-offset-key=\"fijc26d3-0-0\"><span style=\"color: #000000;\"><a style=\"color: #000000;\" href=\"https:\/\/www.meritresources.org\/es\/localizacion-pasco\/\">Pasco<\/a><\/span><\/div>\n    <div class=\"public-DraftStyleDefault-block public-DraftStyleDefault-ltr\" data-offset-key=\"dooa3252-0-0\"><span style=\"color: #000000;\"><a style=\"color: #000000;\" href=\"https:\/\/www.meritresources.org\/es\/localizacion-sunnyside\/\">Sunnyside<\/a><\/span><\/div>\n    <div class=\"public-DraftStyleDefault-block public-DraftStyleDefault-ltr\" data-offset-key=\"fkh08d3a-0-0\"><span style=\"color: #000000;\"><a style=\"color: #000000;\" href=\"https:\/\/www.meritresources.org\/toppenish\/\">Toppenish<\/a><\/span><\/div>\n    <div class=\"public-DraftStyleDefault-block public-DraftStyleDefault-ltr\" data-offset-key=\"7u1p1e0d-0-0\"><span style=\"color: #000000;\"><a style=\"color: #000000;\" href=\"https:\/\/www.meritresources.org\/wapato\/\">Wapato<\/a><\/span><\/div>\n    <div class=\"public-DraftStyleDefault-block public-DraftStyleDefault-ltr\" data-offset-key=\"7gmkvd01-0-0\"><span style=\"color: #000000;\"><a style=\"color: #000000;\" href=\"https:\/\/www.meritresources.org\/yakima\/\">Yakima<\/a><\/span><\/div>\n<\/div>\n","protected":false},"excerpt":{"rendered":"<p>Apoyo de Drogas y Alcohol en Yakima, Ellensburg, Wapato, Sunnyside, Kennewick, PascoTratamiento de la adicci\u00f3n al alcohol Servicios en Yakima, Ellensburg, Wapato, Sunnyside, Kennewick, PascoAcreditaci\u00f3n CARF: Qui\u00e9nes somos SonC\u00f3digo \u00e9tico de Merit for Treatment y Recuperaci\u00f3nL\u00ednea de color del d\u00eda + Tel\u00e9fono N\u00fameroP\u00f3ngase en contacto con Merit Rehabilitation Services en Central WashingtonTratamiento de la drogadicci\u00f3n [&hellip;]<\/p>\n","protected":false},"author":3,"featured_media":0,"parent":0,"menu_order":0,"comment_status":"closed","ping_status":"closed","template":"","meta":{"_acf_changed":false,"footnotes":""},"class_list":["post-2781","page","type-page","status-publish","hentry"],"acf":[],"yoast_head":"<!-- This site is optimized with the Yoast SEO plugin v27.5 - https:\/\/yoast.com\/product\/yoast-seo-wordpress\/ -->\n<title>Mapa del sitio - Merit Resources<\/title>\n<meta name=\"robots\" content=\"index, follow, max-snippet:-1, max-image-preview:large, max-video-preview:-1\" \/>\n<link rel=\"canonical\" href=\"https:\/\/www.meritresources.org\/es\/mapa-del-sitio\/\" \/>\n<meta property=\"og:locale\" content=\"es_ES\" \/>\n<meta property=\"og:type\" content=\"article\" \/>\n<meta property=\"og:title\" content=\"Mapa del sitio - Merit Resources\" \/>\n<meta property=\"og:description\" content=\"Apoyo de Drogas y Alcohol en Yakima, Ellensburg, Wapato, Sunnyside, Kennewick, PascoTratamiento de la adicci\u00f3n al alcohol Servicios en Yakima, Ellensburg, Wapato, Sunnyside, Kennewick, PascoAcreditaci\u00f3n CARF: Qui\u00e9nes somos SonC\u00f3digo \u00e9tico de Merit for Treatment y Recuperaci\u00f3nL\u00ednea de color del d\u00eda + Tel\u00e9fono N\u00fameroP\u00f3ngase en contacto con Merit Rehabilitation Services en Central WashingtonTratamiento de la drogadicci\u00f3n [&hellip;]\" \/>\n<meta property=\"og:url\" content=\"https:\/\/www.meritresources.org\/es\/mapa-del-sitio\/\" \/>\n<meta property=\"og:site_name\" content=\"Merit Resources\" \/>\n<meta property=\"article:modified_time\" content=\"2023-05-31T19:44:06+00:00\" \/>\n<meta name=\"twitter:card\" content=\"summary_large_image\" \/>\n<meta name=\"twitter:label1\" content=\"Tiempo de lectura\" \/>\n\t<meta name=\"twitter:data1\" content=\"1 minuto\" \/>\n<script type=\"application\/ld+json\" class=\"yoast-schema-graph\">{\"@context\":\"https:\\\/\\\/schema.org\",\"@graph\":[{\"@type\":\"WebPage\",\"@id\":\"https:\\\/\\\/www.meritresources.org\\\/es\\\/mapa-del-sitio\\\/\",\"url\":\"https:\\\/\\\/www.meritresources.org\\\/es\\\/mapa-del-sitio\\\/\",\"name\":\"Mapa del sitio - Merit Resources\",\"isPartOf\":{\"@id\":\"http:\\\/\\\/yoo.wsigenesis.com\\\/#website\"},\"datePublished\":\"2023-01-13T18:53:53+00:00\",\"dateModified\":\"2023-05-31T19:44:06+00:00\",\"breadcrumb\":{\"@id\":\"https:\\\/\\\/www.meritresources.org\\\/es\\\/mapa-del-sitio\\\/#breadcrumb\"},\"inLanguage\":\"es\",\"potentialAction\":[{\"@type\":\"ReadAction\",\"target\":[\"https:\\\/\\\/www.meritresources.org\\\/es\\\/mapa-del-sitio\\\/\"]}]},{\"@type\":\"BreadcrumbList\",\"@id\":\"https:\\\/\\\/www.meritresources.org\\\/es\\\/mapa-del-sitio\\\/#breadcrumb\",\"itemListElement\":[{\"@type\":\"ListItem\",\"position\":1,\"name\":\"Home\",\"item\":\"https:\\\/\\\/www.meritresources.org\\\/es\\\/\"},{\"@type\":\"ListItem\",\"position\":2,\"name\":\"Mapa del sitio\"}]},{\"@type\":\"WebSite\",\"@id\":\"http:\\\/\\\/yoo.wsigenesis.com\\\/#website\",\"url\":\"http:\\\/\\\/yoo.wsigenesis.com\\\/\",\"name\":\"Merit Resources\",\"description\":\"Google Web Host\",\"potentialAction\":[{\"@type\":\"SearchAction\",\"target\":{\"@type\":\"EntryPoint\",\"urlTemplate\":\"http:\\\/\\\/yoo.wsigenesis.com\\\/?s={search_term_string}\"},\"query-input\":{\"@type\":\"PropertyValueSpecification\",\"valueRequired\":true,\"valueName\":\"search_term_string\"}}],\"inLanguage\":\"es\"}]}<\/script>\n<!-- \/ Yoast SEO plugin. -->","yoast_head_json":{"title":"Mapa del sitio - Merit Resources","robots":{"index":"index","follow":"follow","max-snippet":"max-snippet:-1","max-image-preview":"max-image-preview:large","max-video-preview":"max-video-preview:-1"},"canonical":"https:\/\/www.meritresources.org\/es\/mapa-del-sitio\/","og_locale":"es_ES","og_type":"article","og_title":"Mapa del sitio - Merit Resources","og_description":"Apoyo de Drogas y Alcohol en Yakima, Ellensburg, Wapato, Sunnyside, Kennewick, PascoTratamiento de la adicci\u00f3n al alcohol Servicios en Yakima, Ellensburg, Wapato, Sunnyside, Kennewick, PascoAcreditaci\u00f3n CARF: Qui\u00e9nes somos SonC\u00f3digo \u00e9tico de Merit for Treatment y Recuperaci\u00f3nL\u00ednea de color del d\u00eda + Tel\u00e9fono N\u00fameroP\u00f3ngase en contacto con Merit Rehabilitation Services en Central WashingtonTratamiento de la drogadicci\u00f3n [&hellip;]","og_url":"https:\/\/www.meritresources.org\/es\/mapa-del-sitio\/","og_site_name":"Merit Resources","article_modified_time":"2023-05-31T19:44:06+00:00","twitter_card":"summary_large_image","twitter_misc":{"Tiempo de lectura":"1 minuto"},"schema":{"@context":"https:\/\/schema.org","@graph":[{"@type":"WebPage","@id":"https:\/\/www.meritresources.org\/es\/mapa-del-sitio\/","url":"https:\/\/www.meritresources.org\/es\/mapa-del-sitio\/","name":"Mapa del sitio - Merit Resources","isPartOf":{"@id":"http:\/\/yoo.wsigenesis.com\/#website"},"datePublished":"2023-01-13T18:53:53+00:00","dateModified":"2023-05-31T19:44:06+00:00","breadcrumb":{"@id":"https:\/\/www.meritresources.org\/es\/mapa-del-sitio\/#breadcrumb"},"inLanguage":"es","potentialAction":[{"@type":"ReadAction","target":["https:\/\/www.meritresources.org\/es\/mapa-del-sitio\/"]}]},{"@type":"BreadcrumbList","@id":"https:\/\/www.meritresources.org\/es\/mapa-del-sitio\/#breadcrumb","itemListElement":[{"@type":"ListItem","position":1,"name":"Home","item":"https:\/\/www.meritresources.org\/es\/"},{"@type":"ListItem","position":2,"name":"Mapa del sitio"}]},{"@type":"WebSite","@id":"http:\/\/yoo.wsigenesis.com\/#website","url":"http:\/\/yoo.wsigenesis.com\/","name":"Merit Resources","description":"Google Web Host","potentialAction":[{"@type":"SearchAction","target":{"@type":"EntryPoint","urlTemplate":"http:\/\/yoo.wsigenesis.com\/?s={search_term_string}"},"query-input":{"@type":"PropertyValueSpecification","valueRequired":true,"valueName":"search_term_string"}}],"inLanguage":"es"}]}},"_links":{"self":[{"href":"https:\/\/www.meritresources.org\/es\/wp-json\/wp\/v2\/pages\/2781","targetHints":{"allow":["GET"]}}],"collection":[{"href":"https:\/\/www.meritresources.org\/es\/wp-json\/wp\/v2\/pages"}],"about":[{"href":"https:\/\/www.meritresources.org\/es\/wp-json\/wp\/v2\/types\/page"}],"author":[{"embeddable":true,"href":"https:\/\/www.meritresources.org\/es\/wp-json\/wp\/v2\/users\/3"}],"replies":[{"embeddable":true,"href":"https:\/\/www.meritresources.org\/es\/wp-json\/wp\/v2\/comments?post=2781"}],"version-history":[{"count":1,"href":"https:\/\/www.meritresources.org\/es\/wp-json\/wp\/v2\/pages\/2781\/revisions"}],"predecessor-version":[{"id":2784,"href":"https:\/\/www.meritresources.org\/es\/wp-json\/wp\/v2\/pages\/2781\/revisions\/2784"}],"wp:attachment":[{"href":"https:\/\/www.meritresources.org\/es\/wp-json\/wp\/v2\/media?parent=2781"}],"curies":[{"name":"wp","href":"https:\/\/api.w.org\/{rel}","templated":true}]}}