{"id":2800,"date":"2023-05-03T21:01:55","date_gmt":"2023-05-03T21:01:55","guid":{"rendered":"https:\/\/www.meritresources.org\/asesoramiento-en-linea-sobre-el-abuso-del-alcohol\/"},"modified":"2023-05-31T19:44:58","modified_gmt":"2023-05-31T19:44:58","slug":"asesoramiento-en-linea-sobre-el-abuso-del-alcohol","status":"publish","type":"page","link":"https:\/\/www.meritresources.org\/es\/asesoramiento-en-linea-sobre-el-abuso-del-alcohol\/","title":{"rendered":"Asesoramiento en l\u00ednea sobre el abuso del alcohol"},"content":{"rendered":"<div>\n<h1>Asesoramiento en l\u00ednea sobre el abuso del alcohol<\/h1>\n<\/div>\n<div>\n<div>\n<p>En MERIT, la mayor\u00eda de nuestros servicios de terapia contra las drogas y la adicci\u00f3n tienen lugar cara a cara, en persona, en nuestros centros locales de tratamiento contra el abuso de sustancias. Sin embargo, entendemos que usted puede tener dificultades para acceder a la atenci\u00f3n, como la distancia a nuestros centros de tratamiento, el transporte fiable, el cuidado de los ni\u00f1os y los problemas de horarios de trabajo. Para garantizar que usted o su ser querido tengan acceso a atenci\u00f3n y tratamiento, ofrecemos asesoramiento en l\u00ednea sobre el abuso del alcohol para <a href=\"https:\/\/www.meritresources.org\/treatment-services\/alcohol-addiction\/\">ayudar a quienes se est\u00e1n recuperando<\/a> de una adicci\u00f3n al alcohol.<\/p>\n<h4>Programas de tratamiento del alcoholismo en l\u00ednea como parte de la atenci\u00f3n integrada<\/h4>\n<p>MERIT ofrece asesoramiento en l\u00ednea y telesalud para la rehabilitaci\u00f3n de alcoh\u00f3licos como parte de un tratamiento integrado. Nuestros expertos en recuperaci\u00f3n de adicciones <a href=\"https:\/\/www.meritresources.org\/carf-accreditation\/\">acreditados por la CARF<\/a> adaptan cada <a href=\"https:\/\/www.meritresources.org\/treatment-services\/drug-addiction\/\">programa de rehabilitaci\u00f3n de drogodependencias<\/a> para satisfacer las necesidades \u00fanicas de cada cliente. Dado que el abuso del alcohol tambi\u00e9n se produce con otras adicciones y trastornos mentales, ofrecemos una atenci\u00f3n coordinada, combinando la rehabilitaci\u00f3n del alcoholismo en l\u00ednea con otros tratamientos de drogodependencia necesarios en persona, desintoxicaci\u00f3n, salud conductual y servicios de apoyo.<\/p>\n<h4>Gesti\u00f3n de la adicci\u00f3n con la rehabilitaci\u00f3n del alcohol en l\u00ednea<\/h4>\n<p>Nuestros servicios de rehabilitaci\u00f3n del alcoholismo en l\u00ednea y telesalud garantizan un apoyo oportuno cuando lo necesite. Ofrecemos oportunidades de asesoramiento individual y de grupo para las personas que luchan contra el alcoholismo. Nuestro personal del centro de tratamiento de alcohol puede realizar muchas tareas en l\u00ednea o por tel\u00e9fono que realizamos en el consultorio, incluidas las evaluaciones iniciales, las evaluaciones psiqui\u00e1tricas, las evaluaciones de prescripci\u00f3n, las citas de terapia y las derivaciones a otros <a href=\"https:\/\/www.meritresources.org\/resources\/\">recursos de recuperaci\u00f3n de adicciones<\/a> para mejorar el bienestar y evitar reca\u00eddas.<\/p>\n<h4>Consiga mejores resultados con los programas de recuperaci\u00f3n del alcoholismo en l\u00ednea de MERIT  <\/h4>\n<p>Superar las barreras a la recuperaci\u00f3n con el <strong>abuso de alcohol en l\u00ednea de asesoramiento y servicios de telesalud <\/strong>de MERIT. <a href=\"https:\/\/www.meritresources.org\/contact-us\/\">Obtenga m\u00e1s<\/a> informaci\u00f3n sobre nuestros programas de tratamiento de drogas y alcohol para pacientes de Ellensburg, Yakima, Sunnyside, Wapato, Toppenish, Pasco y Kennewick hoy mismo.<\/p>\n<\/p>\n<\/div>\n<\/div>\n<p><!--more--><br \/>\n<!-- {\"type\":\"layout\",\"children\":[{\"type\":\"section\",\"props\":{\"class\":\"ws-home__top-banner ws-top__margin ws-treatment__top\",\"image\":\"wp-content\\\/uploads\\\/2023\\\/02\\\/board-of-directors-headerv2-1.png\",\"image_position\":\"bottom-center\",\"padding\":\"xlarge\",\"style\":\"default\",\"title_breakpoint\":\"xl\",\"title_position\":\"top-left\",\"title_rotation\":\"left\",\"vertical_align\":\"middle\",\"width\":\"\"},\"children\":[{\"type\":\"row\",\"children\":[{\"type\":\"column\",\"props\":{\"image_position\":\"center-center\",\"media_overlay_gradient\":\"\",\"position_sticky_breakpoint\":\"m\"},\"children\":[{\"type\":\"panel\",\"props\":{\"content\":\"\",\"content_column_breakpoint\":\"m\",\"content_margin\":\"remove\",\"content_style\":\"heading-small\",\"icon_width\":80,\"image_align\":\"top\",\"image_grid_breakpoint\":\"m\",\"image_grid_width\":\"1-2\",\"image_svg_color\":\"emphasis\",\"link\":\"\",\"link_margin\":\"large\",\"link_style\":\"primary\",\"link_text\":\"Contact Us\",\"margin\":\"default\",\"meta_align\":\"below-title\",\"meta_element\":\"div\",\"meta_style\":\"text-meta\",\"text_align\":\"center\",\"title\":\"Alcohol Abuse Online Counseling\",\"title_align\":\"top\",\"title_element\":\"h1\",\"title_grid_breakpoint\":\"m\",\"title_grid_width\":\"1-2\",\"title_hover_style\":\"reset\"}},{\"type\":\"breadcrumbs\",\"props\":{\"show_current\":true,\"show_home\":true,\"text_align\":\"center\"}}]}]}]},{\"type\":\"section\",\"props\":{\"image\":\"wp-content\\\/uploads\\\/2022\\\/11\\\/ethics-info-bg-2.jpg\",\"image_position\":\"center-center\",\"image_size\":\"cover\",\"padding\":\"small\",\"style\":\"default\",\"title_breakpoint\":\"xl\",\"title_position\":\"top-left\",\"title_rotation\":\"left\",\"vertical_align\":\"middle\",\"width\":\"default\"},\"children\":[{\"type\":\"row\",\"children\":[{\"type\":\"column\",\"props\":{\"image_position\":\"center-center\",\"media_overlay_gradient\":\"\",\"position_sticky_breakpoint\":\"m\"},\"children\":[{\"type\":\"panel\",\"props\":{\"content\":\"\n\n<p>At MERIT, most of our drug and addiction therapy services occur face-to-face, in-person at our local substance abuse treatment centers. However, we understand you may struggle with barriers to accessing care, such as distance from our treatment centers, reliable transportation, childcare, and work scheduling issues. To ensure you or your loved one has access to care and treatment, we offer alcohol abuse online counseling to <a href=\\\"https:\\\/\\\/www.meritresources.org\\\/treatment-services\\\/alcohol-addiction\\\/\\\">assist those recovering<\\\/a> from alcohol addiction.<\\\/p>\\n\n\n<h4>Online Alcohol Treatment Programs as Part of Integrated Care<\\\/h4>\\n\n\n<p>MERIT offers online and telehealth alcohol rehabilitation counseling for individuals as part of integrated treatment. Our <a href=\\\"https:\\\/\\\/www.meritresources.org\\\/carf-accreditation\\\/\\\">CARF accredited<\\\/a> addiction recovery experts custom-tailor each <a href=\\\"https:\\\/\\\/www.meritresources.org\\\/treatment-services\\\/drug-addiction\\\/\\\">drug rehabilitation program<\\\/a> to meet every client's unique needs. As alcohol abuse also occurs with other addictions and mental disorders, we offer coordinated care, combining online alcohol rehab with other necessary in-person drug treatment, detoxification, behavioral health, and supportive services.<\\\/p>\\n\n\n<h4>Managing Addiction with Online Alcohol Rehabilitation<\\\/h4>\\n\n\n<p>Our online and telehealth alcohol rehabilitation services ensure timely support when you need it. We offer individual and group counseling opportunities for people struggling with alcoholism. Our alcohol treatment center staff can accomplish many tasks online or over the phone that we perform in-office, including initial assessments, psychiatric evaluations, prescription assessments, therapy appointments, and referrals to other <a href=\\\"https:\\\/\\\/www.meritresources.org\\\/resources\\\/\\\">addiction recovery resources<\\\/a> to improve well-being and prevent relapse.<\\\/p>\\n\n\n<h4>Achieve a Better Outcome with MERIT\\u2019s Online Alcohol Recovery Programs\\u00a0<\\\/h4>\\n\n\n<p>Overcome barriers to recovery with <strong>alcohol abuse online counseling and telehealth services <\\\/strong>from MERIT. <a href=\\\"https:\\\/\\\/www.meritresources.org\\\/contact-us\\\/\\\">Learn more<\\\/a> about our drug and alcohol treatment programs for Ellensburg, Yakima, Sunnyside, Wapato, Toppenish, Pasco, and Kennewick patients today.<\\\/p>\\n\n\n<p><\\\/p>\",\"content_column_breakpoint\":\"m\",\"icon_width\":80,\"image_align\":\"top\",\"image_grid_breakpoint\":\"m\",\"image_grid_width\":\"1-2\",\"image_svg_color\":\"emphasis\",\"link_style\":\"default\",\"link_text\":\"Read more\",\"margin\":\"default\",\"meta_align\":\"below-title\",\"meta_element\":\"div\",\"meta_style\":\"text-meta\",\"text_align\":\"center\",\"title\":\"\",\"title_align\":\"top\",\"title_element\":\"h4\",\"title_grid_breakpoint\":\"m\",\"title_grid_width\":\"1-2\",\"title_hover_style\":\"reset\"}}]}]}],\"name\":\"option 2\"}],\"version\":\"3.0.31\"} --><\/p>\n","protected":false},"excerpt":{"rendered":"<p>Asesoramiento en l\u00ednea sobre el abuso del alcohol En MERIT, la mayor\u00eda de nuestros servicios de terapia contra las drogas y la adicci\u00f3n tienen lugar cara a cara, en persona, en nuestros centros locales de tratamiento contra el abuso de sustancias. Sin embargo, entendemos que usted puede tener dificultades para acceder a la atenci\u00f3n, como [&hellip;]<\/p>\n","protected":false},"author":6,"featured_media":0,"parent":0,"menu_order":0,"comment_status":"closed","ping_status":"closed","template":"","meta":{"_acf_changed":false,"footnotes":""},"class_list":["post-2800","page","type-page","status-publish","hentry"],"acf":[],"yoast_head":"<!-- This site is optimized with the Yoast SEO plugin v27.3 - https:\/\/yoast.com\/product\/yoast-seo-wordpress\/ -->\n<title>Abuso de Alcohol Online Counseling 877-789-3344 | Merit Resources | Ellensburg, Yakima, Sunnyside, Wapato, Toppenish, Pasco, and Kennewick<\/title>\n<meta name=\"description\" content=\"Superar los obst\u00e1culos a la atenci\u00f3n con asesoramiento en l\u00ednea sobre el abuso del alcohol. Obtenga la ayuda que necesita de los expertos en tratamiento de drogas y alcohol de MERIT Resources.\" \/>\n<meta name=\"robots\" content=\"index, follow, max-snippet:-1, max-image-preview:large, max-video-preview:-1\" \/>\n<link rel=\"canonical\" href=\"https:\/\/www.meritresources.org\/es\/asesoramiento-en-linea-sobre-el-abuso-del-alcohol\/\" \/>\n<meta property=\"og:locale\" content=\"es_ES\" \/>\n<meta property=\"og:type\" content=\"article\" \/>\n<meta property=\"og:title\" content=\"Abuso de Alcohol Online Counseling 877-789-3344 | Merit Resources | Ellensburg, Yakima, Sunnyside, Wapato, Toppenish, Pasco, and Kennewick\" \/>\n<meta property=\"og:description\" content=\"Superar los obst\u00e1culos a la atenci\u00f3n con asesoramiento en l\u00ednea sobre el abuso del alcohol. Obtenga la ayuda que necesita de los expertos en tratamiento de drogas y alcohol de MERIT Resources.\" \/>\n<meta property=\"og:url\" content=\"https:\/\/www.meritresources.org\/es\/asesoramiento-en-linea-sobre-el-abuso-del-alcohol\/\" \/>\n<meta property=\"og:site_name\" content=\"Merit Resources\" \/>\n<meta property=\"article:modified_time\" content=\"2023-05-31T19:44:58+00:00\" \/>\n<meta name=\"twitter:card\" content=\"summary_large_image\" \/>\n<meta name=\"twitter:label1\" content=\"Tiempo de lectura\" \/>\n\t<meta name=\"twitter:data1\" content=\"2 minutos\" \/>\n<script type=\"application\/ld+json\" class=\"yoast-schema-graph\">{\"@context\":\"https:\\\/\\\/schema.org\",\"@graph\":[{\"@type\":\"WebPage\",\"@id\":\"https:\\\/\\\/www.meritresources.org\\\/es\\\/asesoramiento-en-linea-sobre-el-abuso-del-alcohol\\\/\",\"url\":\"https:\\\/\\\/www.meritresources.org\\\/es\\\/asesoramiento-en-linea-sobre-el-abuso-del-alcohol\\\/\",\"name\":\"Abuso de Alcohol Online Counseling 877-789-3344 | Merit Resources | Ellensburg, Yakima, Sunnyside, Wapato, Toppenish, Pasco, and Kennewick\",\"isPartOf\":{\"@id\":\"http:\\\/\\\/yoo.wsigenesis.com\\\/#website\"},\"datePublished\":\"2023-05-03T21:01:55+00:00\",\"dateModified\":\"2023-05-31T19:44:58+00:00\",\"description\":\"Superar los obst\u00e1culos a la atenci\u00f3n con asesoramiento en l\u00ednea sobre el abuso del alcohol. Obtenga la ayuda que necesita de los expertos en tratamiento de drogas y alcohol de MERIT Resources.\",\"breadcrumb\":{\"@id\":\"https:\\\/\\\/www.meritresources.org\\\/es\\\/asesoramiento-en-linea-sobre-el-abuso-del-alcohol\\\/#breadcrumb\"},\"inLanguage\":\"es\",\"potentialAction\":[{\"@type\":\"ReadAction\",\"target\":[\"https:\\\/\\\/www.meritresources.org\\\/es\\\/asesoramiento-en-linea-sobre-el-abuso-del-alcohol\\\/\"]}]},{\"@type\":\"BreadcrumbList\",\"@id\":\"https:\\\/\\\/www.meritresources.org\\\/es\\\/asesoramiento-en-linea-sobre-el-abuso-del-alcohol\\\/#breadcrumb\",\"itemListElement\":[{\"@type\":\"ListItem\",\"position\":1,\"name\":\"Home\",\"item\":\"https:\\\/\\\/www.meritresources.org\\\/es\\\/\"},{\"@type\":\"ListItem\",\"position\":2,\"name\":\"Asesoramiento en l\u00ednea sobre el abuso del alcohol\"}]},{\"@type\":\"WebSite\",\"@id\":\"http:\\\/\\\/yoo.wsigenesis.com\\\/#website\",\"url\":\"http:\\\/\\\/yoo.wsigenesis.com\\\/\",\"name\":\"Merit Resources\",\"description\":\"Google Web Host\",\"potentialAction\":[{\"@type\":\"SearchAction\",\"target\":{\"@type\":\"EntryPoint\",\"urlTemplate\":\"http:\\\/\\\/yoo.wsigenesis.com\\\/?s={search_term_string}\"},\"query-input\":{\"@type\":\"PropertyValueSpecification\",\"valueRequired\":true,\"valueName\":\"search_term_string\"}}],\"inLanguage\":\"es\"}]}<\/script>\n<!-- \/ Yoast SEO plugin. -->","yoast_head_json":{"title":"Abuso de Alcohol Online Counseling 877-789-3344 | Merit Resources | Ellensburg, Yakima, Sunnyside, Wapato, Toppenish, Pasco, and Kennewick","description":"Superar los obst\u00e1culos a la atenci\u00f3n con asesoramiento en l\u00ednea sobre el abuso del alcohol. Obtenga la ayuda que necesita de los expertos en tratamiento de drogas y alcohol de MERIT Resources.","robots":{"index":"index","follow":"follow","max-snippet":"max-snippet:-1","max-image-preview":"max-image-preview:large","max-video-preview":"max-video-preview:-1"},"canonical":"https:\/\/www.meritresources.org\/es\/asesoramiento-en-linea-sobre-el-abuso-del-alcohol\/","og_locale":"es_ES","og_type":"article","og_title":"Abuso de Alcohol Online Counseling 877-789-3344 | Merit Resources | Ellensburg, Yakima, Sunnyside, Wapato, Toppenish, Pasco, and Kennewick","og_description":"Superar los obst\u00e1culos a la atenci\u00f3n con asesoramiento en l\u00ednea sobre el abuso del alcohol. Obtenga la ayuda que necesita de los expertos en tratamiento de drogas y alcohol de MERIT Resources.","og_url":"https:\/\/www.meritresources.org\/es\/asesoramiento-en-linea-sobre-el-abuso-del-alcohol\/","og_site_name":"Merit Resources","article_modified_time":"2023-05-31T19:44:58+00:00","twitter_card":"summary_large_image","twitter_misc":{"Tiempo de lectura":"2 minutos"},"schema":{"@context":"https:\/\/schema.org","@graph":[{"@type":"WebPage","@id":"https:\/\/www.meritresources.org\/es\/asesoramiento-en-linea-sobre-el-abuso-del-alcohol\/","url":"https:\/\/www.meritresources.org\/es\/asesoramiento-en-linea-sobre-el-abuso-del-alcohol\/","name":"Abuso de Alcohol Online Counseling 877-789-3344 | Merit Resources | Ellensburg, Yakima, Sunnyside, Wapato, Toppenish, Pasco, and Kennewick","isPartOf":{"@id":"http:\/\/yoo.wsigenesis.com\/#website"},"datePublished":"2023-05-03T21:01:55+00:00","dateModified":"2023-05-31T19:44:58+00:00","description":"Superar los obst\u00e1culos a la atenci\u00f3n con asesoramiento en l\u00ednea sobre el abuso del alcohol. Obtenga la ayuda que necesita de los expertos en tratamiento de drogas y alcohol de MERIT Resources.","breadcrumb":{"@id":"https:\/\/www.meritresources.org\/es\/asesoramiento-en-linea-sobre-el-abuso-del-alcohol\/#breadcrumb"},"inLanguage":"es","potentialAction":[{"@type":"ReadAction","target":["https:\/\/www.meritresources.org\/es\/asesoramiento-en-linea-sobre-el-abuso-del-alcohol\/"]}]},{"@type":"BreadcrumbList","@id":"https:\/\/www.meritresources.org\/es\/asesoramiento-en-linea-sobre-el-abuso-del-alcohol\/#breadcrumb","itemListElement":[{"@type":"ListItem","position":1,"name":"Home","item":"https:\/\/www.meritresources.org\/es\/"},{"@type":"ListItem","position":2,"name":"Asesoramiento en l\u00ednea sobre el abuso del alcohol"}]},{"@type":"WebSite","@id":"http:\/\/yoo.wsigenesis.com\/#website","url":"http:\/\/yoo.wsigenesis.com\/","name":"Merit Resources","description":"Google Web Host","potentialAction":[{"@type":"SearchAction","target":{"@type":"EntryPoint","urlTemplate":"http:\/\/yoo.wsigenesis.com\/?s={search_term_string}"},"query-input":{"@type":"PropertyValueSpecification","valueRequired":true,"valueName":"search_term_string"}}],"inLanguage":"es"}]}},"_links":{"self":[{"href":"https:\/\/www.meritresources.org\/es\/wp-json\/wp\/v2\/pages\/2800","targetHints":{"allow":["GET"]}}],"collection":[{"href":"https:\/\/www.meritresources.org\/es\/wp-json\/wp\/v2\/pages"}],"about":[{"href":"https:\/\/www.meritresources.org\/es\/wp-json\/wp\/v2\/types\/page"}],"author":[{"embeddable":true,"href":"https:\/\/www.meritresources.org\/es\/wp-json\/wp\/v2\/users\/6"}],"replies":[{"embeddable":true,"href":"https:\/\/www.meritresources.org\/es\/wp-json\/wp\/v2\/comments?post=2800"}],"version-history":[{"count":1,"href":"https:\/\/www.meritresources.org\/es\/wp-json\/wp\/v2\/pages\/2800\/revisions"}],"predecessor-version":[{"id":2810,"href":"https:\/\/www.meritresources.org\/es\/wp-json\/wp\/v2\/pages\/2800\/revisions\/2810"}],"wp:attachment":[{"href":"https:\/\/www.meritresources.org\/es\/wp-json\/wp\/v2\/media?parent=2800"}],"curies":[{"name":"wp","href":"https:\/\/api.w.org\/{rel}","templated":true}]}}