{"id":2802,"date":"2023-05-03T21:05:06","date_gmt":"2023-05-03T21:05:06","guid":{"rendered":"https:\/\/www.meritresources.org\/servicios-de-salud-mental\/"},"modified":"2023-05-31T19:44:59","modified_gmt":"2023-05-31T19:44:59","slug":"servicios-de-salud-mental","status":"publish","type":"page","link":"https:\/\/www.meritresources.org\/es\/servicios-de-salud-mental\/","title":{"rendered":"Servicios de salud mental"},"content":{"rendered":"<div>\n<h1>Servicios de salud mental<\/h1>\n<\/div>\n<div>\n<div>\n<p>Los problemas de salud mental suelen complicar el proceso de rehabilitaci\u00f3n de drogodependientes y alcoh\u00f3licos. Si est\u00e1 iniciando un viaje hacia la recuperaci\u00f3n, atender sus necesidades de servicios de salud mental le garantiza la atenci\u00f3n adecuada para allanar el camino hacia una recuperaci\u00f3n satisfactoria. En los centros de tratamiento de la drogadicci\u00f3n de MERIT, realizamos ex\u00e1menes rutinarios de salud mental para identificar otros problemas concurrentes, dise\u00f1ando un <a href=\"https:\/\/www.meritresources.org\/treatment-services\/drug-addiction\/\">programa de tratamiento de la drogadicci\u00f3n<\/a> personalizado para satisfacer sus necesidades.<\/p>\n<h4>Servicios personalizados de terapia de adicciones<\/h4>\n<p>Nuestros asesores de salud mental y trastornos por consumo de sustancias, con doble acreditaci\u00f3n y licencia, proporcionan evaluaciones de salud mental, diagn\u00f3sticos y recomendaciones para cada paciente, garantizando que reciba el <a href=\"https:\/\/www.meritresources.org\/treatment-services\/alcohol-addiction\/\">apoyo<\/a> especializado en <a href=\"https:\/\/www.meritresources.org\/treatment-services\/alcohol-addiction\/\">adicciones<\/a> que necesita. Ofrecemos asesoramiento individual y de grupo para personas con enfermedades mentales concurrentes. Nuestros profesionales de salud mental colaboran estrechamente con nuestro personal de abuso de sustancias, supervisando cada caso para garantizar la continuidad de la atenci\u00f3n.<\/p>\n<h4>El examen de salud mental garantiza la atenci\u00f3n a los desencadenantes subyacentes de la adicci\u00f3n<\/h4>\n<p>Nuestro supervisor cl\u00ednico de salud mental y el director del programa imparten formaci\u00f3n interna a todo el personal cl\u00ednico que participa en las evaluaciones de salud mental, incluidos nuestros <a href=\"https:\/\/www.meritresources.org\/carf-accreditation\/\">asesores<\/a> licenciados en <a href=\"https:\/\/www.meritresources.org\/carf-accreditation\/\">salud mental y trastornos por abuso de sustancias<\/a>, asociados y aprendices profesionales en trastornos por abuso de sustancias. Esta formaci\u00f3n exhaustiva garantiza un examen detallado de la salud mental con las herramientas actuales. Adaptamos cuidadosamente el tratamiento a las necesidades \u00fanicas de cada persona y a la combinaci\u00f3n de trastornos y s\u00edntomas, lo que incluye programas de terapia individual y de grupo, evaluaciones continuas y procedimientos para responder a los problemas de salud y seguridad.<\/p>\n<h4>El asesoramiento en salud mental es esencial para la recuperaci\u00f3n de la adicci\u00f3n<\/h4>\n<p>Los trastornos mentales como la ansiedad, la depresi\u00f3n, la esquizofrenia, el trastorno bipolar y los trastornos de la personalidad no causan adicci\u00f3n, pero suelen darse juntos. Estos trastornos, ya sean gen\u00e9ticos o causados por estr\u00e9s o traumas, pueden contribuir a los trastornos por consumo de sustancias, lo que lleva a las personas a intentar controlar los s\u00edntomas con drogas o alcohol. El consumo de drogas y alcohol tambi\u00e9n puede causar o empeorar afecciones mentales con alteraciones de la qu\u00edmica cerebral y corporal por el consumo continuado. Por estas razones, abordar tanto los aspectos f\u00edsicos como los mentales es esencial para el <a href=\"https:\/\/www.meritresources.org\/patient-satisfaction-survey\/\">\u00e9xito del tratamiento del abuso de sustancias<\/a>.  <\/p>\n<h4>Beneficios de la terapia de salud mental en el tratamiento de adicciones<\/h4>\n<p>Abordar las necesidades de tratamiento de salud mental junto con sus problemas de adicci\u00f3n ofrece muchos beneficios en la recuperaci\u00f3n de la adicci\u00f3n a las drogas y el alcohol. La atenci\u00f3n psiqui\u00e1trica ayuda a mejorar la salud emocional y f\u00edsica en el camino hacia la recuperaci\u00f3n. Le ayuda a comprender las razones subyacentes a su adicci\u00f3n, reconstruyendo su sentido de la autoestima. Tambi\u00e9n mejora la empat\u00eda, la comunicaci\u00f3n y las habilidades de afrontamiento fundamentales para unas relaciones sanas. Estos beneficios combinados allanan el camino hacia una recuperaci\u00f3n m\u00e1s suave y dan esperanzas de un futuro mejor.<\/p>\n<h4>D\u00e9 los primeros pasos hacia una vida sin sustancias<\/h4>\n<p>Aseg\u00farese un camino m\u00e1s suave hacia la recuperaci\u00f3n y reduzca la probabilidad de reca\u00eddas con los <strong>servicios de salud mental <\/strong>y un plan personalizado de tratamiento de drogas y alcohol de MERIT. <a href=\"https:\/\/www.meritresources.org\/contact-us\/\">Comun\u00edquese con nosotros<\/a> al 877-789-3344 para programar una consulta en nuestro centro de rehabilitaci\u00f3n de Ellensburg, Kennewick, Pasco, Sunnyside, Toppenish, Wapato o Yakima hoy mismo.<\/p>\n<\/div>\n<\/div>\n<p><!--more--><br \/>\n<!-- {\"type\":\"layout\",\"children\":[{\"type\":\"section\",\"props\":{\"class\":\"ws-home__top-banner ws-top__margin ws-treatment__top\",\"image\":\"wp-content\\\/uploads\\\/2023\\\/02\\\/board-of-directors-headerv2-1.png\",\"image_position\":\"bottom-center\",\"padding\":\"xlarge\",\"style\":\"default\",\"title_breakpoint\":\"xl\",\"title_position\":\"top-left\",\"title_rotation\":\"left\",\"vertical_align\":\"middle\",\"width\":\"\"},\"children\":[{\"type\":\"row\",\"children\":[{\"type\":\"column\",\"props\":{\"image_position\":\"center-center\",\"media_overlay_gradient\":\"\",\"position_sticky_breakpoint\":\"m\"},\"children\":[{\"type\":\"panel\",\"props\":{\"content\":\"\",\"content_column_breakpoint\":\"m\",\"content_margin\":\"remove\",\"content_style\":\"heading-small\",\"icon_width\":80,\"image_align\":\"top\",\"image_grid_breakpoint\":\"m\",\"image_grid_width\":\"1-2\",\"image_svg_color\":\"emphasis\",\"link\":\"\",\"link_margin\":\"large\",\"link_style\":\"primary\",\"link_text\":\"Contact Us\",\"margin\":\"default\",\"meta_align\":\"below-title\",\"meta_element\":\"div\",\"meta_style\":\"text-meta\",\"text_align\":\"center\",\"title\":\"Mental Health Services\",\"title_align\":\"top\",\"title_element\":\"h1\",\"title_grid_breakpoint\":\"m\",\"title_grid_width\":\"1-2\",\"title_hover_style\":\"reset\"}},{\"type\":\"breadcrumbs\",\"props\":{\"show_current\":true,\"show_home\":true,\"text_align\":\"center\"}}]}]}]},{\"type\":\"section\",\"props\":{\"image\":\"wp-content\\\/uploads\\\/2022\\\/11\\\/ethics-info-bg-2.jpg\",\"image_position\":\"center-center\",\"image_size\":\"cover\",\"padding\":\"small\",\"style\":\"default\",\"title_breakpoint\":\"xl\",\"title_position\":\"top-left\",\"title_rotation\":\"left\",\"vertical_align\":\"middle\",\"width\":\"default\"},\"children\":[{\"type\":\"row\",\"children\":[{\"type\":\"column\",\"props\":{\"image_position\":\"center-center\",\"media_overlay_gradient\":\"\",\"position_sticky_breakpoint\":\"m\"},\"children\":[{\"type\":\"panel\",\"props\":{\"content\":\"\n\n<p>Mental health issues frequently complicate the drug and alcohol rehabilitation process. If you're beginning a journey to recovery, addressing your mental health services needs ensures you get the appropriate care to pave the way to a successful recovery. At MERIT's drug addiction treatment centers, we provide routine mental health screening to identify other co-occurring issues, devising a custom <a href=\\\"https:\\\/\\\/www.meritresources.org\\\/treatment-services\\\/drug-addiction\\\/\\\">drug addiction treatment program<\\\/a> to meet your needs.<\\\/p>\\n\n\n<h4>Personalized Addiction Therapy Services<\\\/h4>\\n\n\n<p>Our dual-credentialed, licensed mental health and substance use disorder counselors provide mental health evaluations, diagnoses, and recommendations for every patient, ensuring you get the specialized <a href=\\\"https:\\\/\\\/www.meritresources.org\\\/treatment-services\\\/alcohol-addiction\\\/\\\">addiction support<\\\/a> you need. We offer individual and group counseling for those with co-occurring mental health conditions. Our mental health professionals work closely with our substance abuse staff, monitoring each case to ensure continuity of care.<\\\/p>\\n\n\n<h4>Mental Health Screening Ensures Attention to Underlying Addiction Triggers<\\\/h4>\\n\n\n<p>Our mental health clinical supervisor and program manager provide in-house training to all clinical staff involved in mental health assessments, including our licensed <a href=\\\"https:\\\/\\\/www.meritresources.org\\\/carf-accreditation\\\/\\\">mental health and substance abuse disorder counselors<\\\/a>, associates, and professional substance use disorder trainees. This comprehensive training ensures detailed mental health screening using current tools. We carefully tailor treatment for each person's unique needs and combination of disorders and symptoms, including individual and group therapy curricula, ongoing assessments, and procedures for responding to health and safety concerns.<\\\/p>\\n\n\n<h4>Mental Health Counseling is an Essential Part of Addiction Recovery<\\\/h4>\\n\n\n<p>Mental disorders like anxiety, depression, schizophrenia, bipolar, and personality disorders do not cause addiction, but they commonly occur together. These disorders, whether genetic or caused by stress or trauma, may contribute to substance use disorders, leading people to try to manage symptoms with drugs or alcohol. Drug and alcohol use may also cause or worsen mental conditions with alterations in brain and body chemistry from continued use. For these reasons, addressing both physical and mental aspects is essential to <a href=\\\"https:\\\/\\\/www.meritresources.org\\\/patient-satisfaction-survey\\\/\\\">successful substance abuse treatment<\\\/a>.\\u00a0<\\\/p>\\n\n\n<h4>Benefits of Mental Health Therapy in Addiction Treatment<\\\/h4>\\n\n\n<p>Addressing mental health treatment needs alongside your addiction issues offers many benefits in drug and alcohol addiction recovery. Psychiatric care supports better emotional and physical health on your way to recovery. It helps you understand the underlying reasons behind your addiction, rebuilding your sense of self-worth. It also improves empathy, communication, and coping skills central to healthy relationships. These combined benefits pave the way to a smoother recovery and provide hope for a brighter future.<\\\/p>\\n\n\n<h4>Take the First Steps Towards a Substance-Free Life<\\\/h4>\\n\n\n<p>Ensure a smoother path to recovery and reduce the likelihood of relapse with <strong>mental health services <\\\/strong>and a personalized drug and alcohol treatment plan from MERIT. <a href=\\\"https:\\\/\\\/www.meritresources.org\\\/contact-us\\\/\\\">Contact us<\\\/a> at 877-789-3344 to schedule a consultation at our Ellensburg, Kennewick, Pasco, Sunnyside, Toppenish, Wapato, or Yakima rehabilitation center today.<\\\/p>\",\"content_column_breakpoint\":\"m\",\"icon_width\":80,\"image_align\":\"top\",\"image_grid_breakpoint\":\"m\",\"image_grid_width\":\"1-2\",\"image_svg_color\":\"emphasis\",\"link_style\":\"default\",\"link_text\":\"Read more\",\"margin\":\"default\",\"meta_align\":\"below-title\",\"meta_element\":\"div\",\"meta_style\":\"text-meta\",\"text_align\":\"center\",\"title\":\"\",\"title_align\":\"top\",\"title_element\":\"h4\",\"title_grid_breakpoint\":\"m\",\"title_grid_width\":\"1-2\",\"title_hover_style\":\"reset\"}}]}]}],\"name\":\"option 2\"}],\"version\":\"3.0.31\"} --><\/p>\n","protected":false},"excerpt":{"rendered":"<p>Servicios de salud mental Los problemas de salud mental suelen complicar el proceso de rehabilitaci\u00f3n de drogodependientes y alcoh\u00f3licos. Si est\u00e1 iniciando un viaje hacia la recuperaci\u00f3n, atender sus necesidades de servicios de salud mental le garantiza la atenci\u00f3n adecuada para allanar el camino hacia una recuperaci\u00f3n satisfactoria. En los centros de tratamiento de la [&hellip;]<\/p>\n","protected":false},"author":6,"featured_media":0,"parent":0,"menu_order":0,"comment_status":"closed","ping_status":"closed","template":"","meta":{"_acf_changed":false,"footnotes":""},"class_list":["post-2802","page","type-page","status-publish","hentry"],"acf":[],"yoast_head":"<!-- This site is optimized with the Yoast SEO plugin v27.5 - https:\/\/yoast.com\/product\/yoast-seo-wordpress\/ -->\n<title>Servicios de Salud Mental 877-789-3344 | Ellensburg, Kennewick, Pasco, Sunnyside, Toppenish, Wapato y Yakima<\/title>\n<meta name=\"description\" content=\"Los trastornos subyacentes suelen complicar la recuperaci\u00f3n de la adicci\u00f3n. Obtenga los servicios de salud mental que necesita para apoyar sus objetivos de recuperaci\u00f3n de la adicci\u00f3n en MERIT.\" \/>\n<meta name=\"robots\" content=\"index, follow, max-snippet:-1, max-image-preview:large, max-video-preview:-1\" \/>\n<link rel=\"canonical\" href=\"https:\/\/www.meritresources.org\/es\/servicios-de-salud-mental\/\" \/>\n<meta property=\"og:locale\" content=\"es_ES\" \/>\n<meta property=\"og:type\" content=\"article\" \/>\n<meta property=\"og:title\" content=\"Servicios de Salud Mental 877-789-3344 | Ellensburg, Kennewick, Pasco, Sunnyside, Toppenish, Wapato y Yakima\" \/>\n<meta property=\"og:description\" content=\"Los trastornos subyacentes suelen complicar la recuperaci\u00f3n de la adicci\u00f3n. Obtenga los servicios de salud mental que necesita para apoyar sus objetivos de recuperaci\u00f3n de la adicci\u00f3n en MERIT.\" \/>\n<meta property=\"og:url\" content=\"https:\/\/www.meritresources.org\/es\/servicios-de-salud-mental\/\" \/>\n<meta property=\"og:site_name\" content=\"Merit Resources\" \/>\n<meta property=\"article:modified_time\" content=\"2023-05-31T19:44:59+00:00\" \/>\n<meta name=\"twitter:card\" content=\"summary_large_image\" \/>\n<meta name=\"twitter:label1\" content=\"Tiempo de lectura\" \/>\n\t<meta name=\"twitter:data1\" content=\"3 minutos\" \/>\n<script type=\"application\/ld+json\" class=\"yoast-schema-graph\">{\"@context\":\"https:\\\/\\\/schema.org\",\"@graph\":[{\"@type\":\"WebPage\",\"@id\":\"https:\\\/\\\/www.meritresources.org\\\/es\\\/servicios-de-salud-mental\\\/\",\"url\":\"https:\\\/\\\/www.meritresources.org\\\/es\\\/servicios-de-salud-mental\\\/\",\"name\":\"Servicios de Salud Mental 877-789-3344 | Ellensburg, Kennewick, Pasco, Sunnyside, Toppenish, Wapato y Yakima\",\"isPartOf\":{\"@id\":\"http:\\\/\\\/yoo.wsigenesis.com\\\/#website\"},\"datePublished\":\"2023-05-03T21:05:06+00:00\",\"dateModified\":\"2023-05-31T19:44:59+00:00\",\"description\":\"Los trastornos subyacentes suelen complicar la recuperaci\u00f3n de la adicci\u00f3n. Obtenga los servicios de salud mental que necesita para apoyar sus objetivos de recuperaci\u00f3n de la adicci\u00f3n en MERIT.\",\"breadcrumb\":{\"@id\":\"https:\\\/\\\/www.meritresources.org\\\/es\\\/servicios-de-salud-mental\\\/#breadcrumb\"},\"inLanguage\":\"es\",\"potentialAction\":[{\"@type\":\"ReadAction\",\"target\":[\"https:\\\/\\\/www.meritresources.org\\\/es\\\/servicios-de-salud-mental\\\/\"]}]},{\"@type\":\"BreadcrumbList\",\"@id\":\"https:\\\/\\\/www.meritresources.org\\\/es\\\/servicios-de-salud-mental\\\/#breadcrumb\",\"itemListElement\":[{\"@type\":\"ListItem\",\"position\":1,\"name\":\"Home\",\"item\":\"https:\\\/\\\/www.meritresources.org\\\/es\\\/\"},{\"@type\":\"ListItem\",\"position\":2,\"name\":\"Servicios de salud mental\"}]},{\"@type\":\"WebSite\",\"@id\":\"http:\\\/\\\/yoo.wsigenesis.com\\\/#website\",\"url\":\"http:\\\/\\\/yoo.wsigenesis.com\\\/\",\"name\":\"Merit Resources\",\"description\":\"Google Web Host\",\"potentialAction\":[{\"@type\":\"SearchAction\",\"target\":{\"@type\":\"EntryPoint\",\"urlTemplate\":\"http:\\\/\\\/yoo.wsigenesis.com\\\/?s={search_term_string}\"},\"query-input\":{\"@type\":\"PropertyValueSpecification\",\"valueRequired\":true,\"valueName\":\"search_term_string\"}}],\"inLanguage\":\"es\"}]}<\/script>\n<!-- \/ Yoast SEO plugin. -->","yoast_head_json":{"title":"Servicios de Salud Mental 877-789-3344 | Ellensburg, Kennewick, Pasco, Sunnyside, Toppenish, Wapato y Yakima","description":"Los trastornos subyacentes suelen complicar la recuperaci\u00f3n de la adicci\u00f3n. Obtenga los servicios de salud mental que necesita para apoyar sus objetivos de recuperaci\u00f3n de la adicci\u00f3n en MERIT.","robots":{"index":"index","follow":"follow","max-snippet":"max-snippet:-1","max-image-preview":"max-image-preview:large","max-video-preview":"max-video-preview:-1"},"canonical":"https:\/\/www.meritresources.org\/es\/servicios-de-salud-mental\/","og_locale":"es_ES","og_type":"article","og_title":"Servicios de Salud Mental 877-789-3344 | Ellensburg, Kennewick, Pasco, Sunnyside, Toppenish, Wapato y Yakima","og_description":"Los trastornos subyacentes suelen complicar la recuperaci\u00f3n de la adicci\u00f3n. Obtenga los servicios de salud mental que necesita para apoyar sus objetivos de recuperaci\u00f3n de la adicci\u00f3n en MERIT.","og_url":"https:\/\/www.meritresources.org\/es\/servicios-de-salud-mental\/","og_site_name":"Merit Resources","article_modified_time":"2023-05-31T19:44:59+00:00","twitter_card":"summary_large_image","twitter_misc":{"Tiempo de lectura":"3 minutos"},"schema":{"@context":"https:\/\/schema.org","@graph":[{"@type":"WebPage","@id":"https:\/\/www.meritresources.org\/es\/servicios-de-salud-mental\/","url":"https:\/\/www.meritresources.org\/es\/servicios-de-salud-mental\/","name":"Servicios de Salud Mental 877-789-3344 | Ellensburg, Kennewick, Pasco, Sunnyside, Toppenish, Wapato y Yakima","isPartOf":{"@id":"http:\/\/yoo.wsigenesis.com\/#website"},"datePublished":"2023-05-03T21:05:06+00:00","dateModified":"2023-05-31T19:44:59+00:00","description":"Los trastornos subyacentes suelen complicar la recuperaci\u00f3n de la adicci\u00f3n. Obtenga los servicios de salud mental que necesita para apoyar sus objetivos de recuperaci\u00f3n de la adicci\u00f3n en MERIT.","breadcrumb":{"@id":"https:\/\/www.meritresources.org\/es\/servicios-de-salud-mental\/#breadcrumb"},"inLanguage":"es","potentialAction":[{"@type":"ReadAction","target":["https:\/\/www.meritresources.org\/es\/servicios-de-salud-mental\/"]}]},{"@type":"BreadcrumbList","@id":"https:\/\/www.meritresources.org\/es\/servicios-de-salud-mental\/#breadcrumb","itemListElement":[{"@type":"ListItem","position":1,"name":"Home","item":"https:\/\/www.meritresources.org\/es\/"},{"@type":"ListItem","position":2,"name":"Servicios de salud mental"}]},{"@type":"WebSite","@id":"http:\/\/yoo.wsigenesis.com\/#website","url":"http:\/\/yoo.wsigenesis.com\/","name":"Merit Resources","description":"Google Web Host","potentialAction":[{"@type":"SearchAction","target":{"@type":"EntryPoint","urlTemplate":"http:\/\/yoo.wsigenesis.com\/?s={search_term_string}"},"query-input":{"@type":"PropertyValueSpecification","valueRequired":true,"valueName":"search_term_string"}}],"inLanguage":"es"}]}},"_links":{"self":[{"href":"https:\/\/www.meritresources.org\/es\/wp-json\/wp\/v2\/pages\/2802","targetHints":{"allow":["GET"]}}],"collection":[{"href":"https:\/\/www.meritresources.org\/es\/wp-json\/wp\/v2\/pages"}],"about":[{"href":"https:\/\/www.meritresources.org\/es\/wp-json\/wp\/v2\/types\/page"}],"author":[{"embeddable":true,"href":"https:\/\/www.meritresources.org\/es\/wp-json\/wp\/v2\/users\/6"}],"replies":[{"embeddable":true,"href":"https:\/\/www.meritresources.org\/es\/wp-json\/wp\/v2\/comments?post=2802"}],"version-history":[{"count":1,"href":"https:\/\/www.meritresources.org\/es\/wp-json\/wp\/v2\/pages\/2802\/revisions"}],"predecessor-version":[{"id":2811,"href":"https:\/\/www.meritresources.org\/es\/wp-json\/wp\/v2\/pages\/2802\/revisions\/2811"}],"wp:attachment":[{"href":"https:\/\/www.meritresources.org\/es\/wp-json\/wp\/v2\/media?parent=2802"}],"curies":[{"name":"wp","href":"https:\/\/api.w.org\/{rel}","templated":true}]}}