{"id":2831,"date":"2023-06-08T14:44:32","date_gmt":"2023-06-08T14:44:32","guid":{"rendered":"https:\/\/www.meritresources.org\/programa-de-navegadores-para-la-recuperacion\/"},"modified":"2023-06-08T14:44:38","modified_gmt":"2023-06-08T14:44:38","slug":"programa-de-navegadores-para-la-recuperacion","status":"publish","type":"page","link":"https:\/\/www.meritresources.org\/es\/programa-de-navegadores-para-la-recuperacion\/","title":{"rendered":"Programa de Navegadores para la Recuperaci\u00f3n"},"content":{"rendered":"<div>\n<h1>Programa de Navegadores para la Recuperaci\u00f3n<\/h1>\n<\/div>\n<div>\n<div>\n<p>\u00bfLos problemas de salud mental o de consumo de sustancias han supuesto un reto en tu vida? El Programa de Navegadores de Recuperaci\u00f3n de MERIT pone en contacto a las personas necesitadas con los servicios de tratamiento y apoyo disponibles a nivel local. Si usted o un ser querido tienen dificultades para encontrar asistencia, podemos ayudarle. Nuestro personal est\u00e1 formado por Recovery Peers certificados con experiencia en el mundo real. Perm\u00edtanos ponerle en contacto con <a href=\"https:\/\/www.meritresources.org\/resources\/\">recursos que le cambiar\u00e1n la vida<\/a>, desde servicios sociales hasta conexiones con la comunidad y apoyo para la recuperaci\u00f3n de adicciones. Proporcionamos estos servicios esenciales para reducir la posibilidad de reca\u00eddas y da\u00f1os y contribuir a una recuperaci\u00f3n satisfactoria. Obtenga la ayuda que necesita ahora:<\/p>\n<ul>\n<li style=\"text-align: left;\"><a href=\"tel:50966438497\"> <strong> Condado de Kittitas: (509) 6<\/strong><span><br \/>\n  <strong>43-8497<\/strong><br \/>\n<\/span><\/a><\/li>\n<li style=\"text-align: left;\"><a href=\"tel:5094802501\"><strong>Condado de Yakima: (509)<\/strong><strong> 4<\/strong><span><br \/>\n  <strong>80-2501<\/strong><br \/>\n<\/span><\/a><\/li>\n<\/ul>\n<h4>A qui\u00e9n servimos<o:p><\/o:p><\/h4>\n<p>El equipo de MERIT colabora con las fuerzas del orden, fiscales, proveedores m\u00e9dicos y socios comunitarios, proporcionando servicios de apoyo a la recuperaci\u00f3n para:<\/p>\n<ul>\n<li style=\"text-align: left;\">J\u00f3venes y adultos con trastornos por consumo de sustancias y problemas de salud mental en riesgo de detenci\u00f3n<\/li>\n<li style=\"text-align: left;\">Familiares y amigos de personas afectadas que necesitan servicios de apoyo<\/li>\n<li style=\"text-align: left;\">Personas afectadas remitidas por un amigo, un miembro de la familia o las fuerzas del orden, en situaci\u00f3n de sin hogar, pobreza o marginaci\u00f3n.<\/li>\n<li style=\"text-align: left;\">Personas encarceladas que est\u00e1n a punto de salir de prisi\u00f3n y necesitan ayuda para su reinserci\u00f3n<\/li>\n<\/ul>\n<p>Dentro de las 24 horas de llegar a nuestros Certified Recovery Peers, nos aseguraremos de Medicaid o Apple Health reactivaci\u00f3n. Podemos ayudarte con las comidas, un abrigo, zapatos, a encontrar un lugar seguro donde quedarte y a obtener un empleo legal mientras haces la transici\u00f3n. MERIT tambi\u00e9n ofrece acceso a <a href=\"https:\/\/www.meritresources.org\/treatment-services\/\">tratamiento ambulatorio individual y de grupo<\/a>, independientemente de su capacidad para pagar los servicios.  <\/p>\n<h4>Principios importantes del Programa de Navegadores para la Recuperaci\u00f3n  <o:p><\/o:p><\/h4>\n<p><strong>Impulsado por los participantes<\/strong><\/p>\n<p>T\u00fa eliges.<\/p>\n<p><strong>Muchos caminos hacia la recuperaci\u00f3n<\/strong><\/p>\n<p>Elija el camino que m\u00e1s le convenga entre nuestros completos servicios de salud mental, <a href=\"https:\/\/www.meritresources.org\/treatment-services\/drug-addiction\/\">tratamiento de drogodependencias<\/a> y apoyo.<\/p>\n<p><strong>Defensa entre iguales<\/strong><\/p>\n<p>Nuestros Pares Certificados en Recuperaci\u00f3n han estado donde t\u00fa est\u00e1s, y estamos de tu lado.<\/p>\n<p><strong>Desarrollo de competencias<\/strong><\/p>\n<p>Elabore un plan estrat\u00e9gico para sentar las bases de un futuro mejor. Nosotros le ayudaremos a conseguirlo, ofreci\u00e9ndole servicios de referencia para satisfacer sus necesidades.<\/p>\n<p><strong>Recursos comunitarios<\/strong><\/p>\n<p>Todo el mundo necesita ayuda alguna vez. Tu comunidad est\u00e1 aqu\u00ed para ti.<\/p>\n<p><strong>Reducci\u00f3n de da\u00f1os<\/strong><\/p>\n<p>Reducir el da\u00f1o que los consumidores de sustancias se infligen a s\u00ed mismos y a la comunidad circundante mediante el compromiso, no el aislamiento, tanto si se abstienen del consumo de sustancias como si no.<\/p>\n<p>Sabemos que el cambio es un proceso, no un acontecimiento. No tienes por qu\u00e9 emprender el camino de la recuperaci\u00f3n t\u00fa solo.<\/p>\n<h4>Remitir a una persona al Programa de Navegadores para la Recuperaci\u00f3n  <o:p><\/o:p><\/h4>\n<p>\u00bfConoce a alguien que podr\u00eda beneficiarse del Programa de Navegador de Recuperaci\u00f3n de MERIT, o necesita ayuda usted mismo? <a href=\"https:\/\/www.meritresources.org\/contact-us\/\">Comun\u00edquese con nosotros<\/a> al 877-789-3344 para programar una consulta en nuestro centro de rehabilitaci\u00f3n de Ellensburg, Kennewick, Pasco, Sunnyside, Toppenish, Wapato o Yakima hoy mismo.<\/p>\n<\/p>\n<\/div>\n<\/div>\n<p><!--more--><br \/>\n<!-- {\"type\":\"layout\",\"children\":[{\"type\":\"section\",\"props\":{\"class\":\"ws-home__top-banner ws-top__margin ws-treatment__top\",\"image\":\"wp-content\\\/uploads\\\/2023\\\/02\\\/board-of-directors-headerv2-1.png\",\"image_position\":\"bottom-center\",\"padding\":\"xlarge\",\"style\":\"default\",\"title_breakpoint\":\"xl\",\"title_position\":\"top-left\",\"title_rotation\":\"left\",\"vertical_align\":\"middle\",\"width\":\"\"},\"children\":[{\"type\":\"row\",\"children\":[{\"type\":\"column\",\"props\":{\"image_position\":\"center-center\",\"position_sticky_breakpoint\":\"m\"},\"children\":[{\"type\":\"panel\",\"props\":{\"content\":\"\",\"content_column_breakpoint\":\"m\",\"content_margin\":\"remove\",\"content_style\":\"heading-small\",\"icon_width\":80,\"image_align\":\"top\",\"image_grid_breakpoint\":\"m\",\"image_grid_width\":\"1-2\",\"image_svg_color\":\"emphasis\",\"link_margin\":\"large\",\"link_style\":\"primary\",\"link_text\":\"Contact Us\",\"margin\":\"default\",\"meta_align\":\"below-title\",\"meta_element\":\"div\",\"meta_style\":\"text-meta\",\"text_align\":\"center\",\"title\":\"Recovery Navigator Program\",\"title_align\":\"top\",\"title_element\":\"h1\",\"title_grid_breakpoint\":\"m\",\"title_grid_width\":\"1-2\",\"title_hover_style\":\"reset\"}},{\"type\":\"breadcrumbs\",\"props\":{\"show_current\":true,\"show_home\":true,\"text_align\":\"center\"}}]}]}]},{\"type\":\"section\",\"props\":{\"image\":\"wp-content\\\/uploads\\\/2022\\\/11\\\/ethics-info-bg-2.jpg\",\"image_position\":\"center-center\",\"image_size\":\"cover\",\"padding\":\"small\",\"style\":\"default\",\"title_breakpoint\":\"xl\",\"title_position\":\"top-left\",\"title_rotation\":\"left\",\"vertical_align\":\"middle\",\"width\":\"default\"},\"children\":[{\"type\":\"row\",\"children\":[{\"type\":\"column\",\"props\":{\"image_position\":\"center-center\",\"position_sticky_breakpoint\":\"m\"},\"children\":[{\"type\":\"panel\",\"props\":{\"content\":\"\n\n<p>Have mental health or substance use issues created challenges in your life? MERIT\\u2019s Recovery Navigator Program connects individuals in need with locally available treatment and support services. If you or someone you love is struggling to find assistance, we can help. We're staffed by Certified Recovery Peers with real-world experience. Let us connect you with <a href=\\\"https:\\\/\\\/www.meritresources.org\\\/resources\\\/\\\">life-changing resources<\\\/a>, from social services to community connections and addiction recovery support. We provide these essential services to reduce the chance of relapse and harm and aid a successful recovery. Get the help you need now:<\\\/p>\\n\n\n<ul>\\n\n\n<li style=\\\"text-align: left;\\\"><a href=\\\"tel:50966438497\\\"><strong> Kittitas County: (509) 6<\\\/strong><span><strong>43-8497<\\\/strong><\\\/span><\\\/a><\\\/li>\\n\n\n<li style=\\\"text-align: left;\\\"><a href=\\\"tel:5094802501\\\"><strong>Yakima County: (509)<\\\/strong><strong> 4<\\\/strong><span><strong>80-2501<\\\/strong><\\\/span><\\\/a><\\\/li>\\n<\\\/ul>\\n\n\n<h4>Who We Serve<\\\/o:p><\\\/h4>\\n\n\n<p>MERIT\\u2019s team collaborates with law enforcement, prosecutors, medical providers, and community partners, providing recovery support services for:<\\\/p>\\n\n\n<ul>\\n\n\n<li style=\\\"text-align: left;\\\">Youth and adults suffering from substance use disorders and mental health issues at risk of arrest<\\\/li>\\n\n\n<li style=\\\"text-align: left;\\\">Family and friends of affected individuals in need of supportive services<\\\/li>\\n\n\n<li style=\\\"text-align: left;\\\">Impacted individuals referred by a friend, family member, or law enforcement, experiencing homelessness, poverty, or marginalization<\\\/li>\\n\n\n<li style=\\\"text-align: left;\\\">Incarcerated individuals nearing release and in need of re-entry assistance<\\\/li>\\n<\\\/ul>\\n\n\n<p>Within 24 hours of reaching out to our Certified Recovery Peers, we'll ensure Medicaid or Apple Health reactivation. We can assist you with meals, a coat, shoes, finding a safe place to stay, and obtaining legal employment while you transition. MERIT also offers access to <a href=\\\"https:\\\/\\\/www.meritresources.org\\\/treatment-services\\\/\\\">outpatient individual and group treatment<\\\/a>, regardless of your ability to pay for services.\\u00a0<\\\/p>\\n\n\n<h4>Important Recovery Navigator Program Tenets <\\\/o:p><\\\/h4>\\n\n\n<p><strong>Participant driven<\\\/strong><\\\/p>\\n\n\n<p>It\\u2019s your choice.<\\\/p>\\n\n\n<p><strong>Many paths to recovery<\\\/strong><\\\/p>\\n\n\n<p>Choose the way that works for you from our comprehensive mental health, <a href=\\\"https:\\\/\\\/www.meritresources.org\\\/treatment-services\\\/drug-addiction\\\/\\\">drug addiction treatment<\\\/a>, and support services.<\\\/p>\\n\n\n<p><strong>Peer advocacy<\\\/strong><\\\/p>\\n\n\n<p>Our Certified Recovery Peers have been where you are, and we\\u2019re on your side.<\\\/p>\\n\n\n<p><strong>Skills development<\\\/strong><\\\/p>\\n\n\n<p>Make a strategic plan to build the foundation for a better future \\u2013 we\\u2019ll help you get there, providing referral services to meet your needs.<\\\/p>\\n\n\n<p><strong>Community resources<\\\/strong><\\\/p>\\n\n\n<p>Everyone needs help sometimes. Your community is here for you.<\\\/p>\\n\n\n<p><strong>Harm reduction<\\\/strong><\\\/p>\\n\n\n<p>Reduce the harm substance users inflict on themselves and the surrounding community through engagement, not isolation, whether or not they abstain from substance use.<\\\/p>\\n\n\n<p>We know change is a process, not an event. You don\\u2019t have to manage the journey to recovery on your own.<\\\/p>\\n\n\n<h4>Make a Recovery Navigator Program Referral <\\\/o:p><\\\/h4>\\n\n\n<p>Do you know someone who could benefit from MERIT\\u2019s Recovery Navigator Program, or do you need help yourself? <a href=\\\"https:\\\/\\\/www.meritresources.org\\\/contact-us\\\/\\\">Contact us<\\\/a> at 877-789-3344 to schedule a consultation at our Ellensburg, Kennewick, Pasco, Sunnyside, Toppenish, Wapato, or Yakima rehabilitation center today.<\\\/p>\\n\n\n<p><\\\/p>\",\"content_column_breakpoint\":\"m\",\"icon_width\":80,\"image_align\":\"top\",\"image_grid_breakpoint\":\"m\",\"image_grid_width\":\"1-2\",\"image_svg_color\":\"emphasis\",\"link_style\":\"default\",\"link_text\":\"Read more\",\"margin\":\"default\",\"meta_align\":\"below-title\",\"meta_element\":\"div\",\"meta_style\":\"text-meta\",\"text_align\":\"center\",\"title\":\"\",\"title_align\":\"top\",\"title_element\":\"h4\",\"title_grid_breakpoint\":\"m\",\"title_grid_width\":\"1-2\",\"title_hover_style\":\"reset\"}}]}]}],\"name\":\"option 2\"}],\"version\":\"4.0.5\"} --><\/p>\n","protected":false},"excerpt":{"rendered":"<p>Programa de Navegadores para la Recuperaci\u00f3n \u00bfLos problemas de salud mental o de consumo de sustancias han supuesto un reto en tu vida? El Programa de Navegadores de Recuperaci\u00f3n de MERIT pone en contacto a las personas necesitadas con los servicios de tratamiento y apoyo disponibles a nivel local. Si usted o un ser querido [&hellip;]<\/p>\n","protected":false},"author":6,"featured_media":0,"parent":0,"menu_order":0,"comment_status":"closed","ping_status":"closed","template":"","meta":{"_acf_changed":false,"footnotes":""},"class_list":["post-2831","page","type-page","status-publish","hentry"],"acf":[],"yoast_head":"<!-- This site is optimized with the Yoast SEO plugin v27.5 - https:\/\/yoast.com\/product\/yoast-seo-wordpress\/ -->\n<title>Programa Recovery Navigator 877-789-3344 | Ellensburg, Kennewick, Pasco, Sunnyside, Toppenish, Wapato y Yakima<\/title>\n<meta name=\"description\" content=\"Obtenga la ayuda que necesita del Programa Navegador de Recuperaci\u00f3n de MERIT. Nuestros Pares Certificados en Recuperaci\u00f3n est\u00e1n aqu\u00ed para ayudarle a alcanzar sus objetivos.\" \/>\n<meta name=\"robots\" content=\"index, follow, max-snippet:-1, max-image-preview:large, max-video-preview:-1\" \/>\n<link rel=\"canonical\" href=\"https:\/\/www.meritresources.org\/es\/programa-de-navegadores-para-la-recuperacion\/\" \/>\n<meta property=\"og:locale\" content=\"es_ES\" \/>\n<meta property=\"og:type\" content=\"article\" \/>\n<meta property=\"og:title\" content=\"Programa Recovery Navigator 877-789-3344 | Ellensburg, Kennewick, Pasco, Sunnyside, Toppenish, Wapato y Yakima\" \/>\n<meta property=\"og:description\" content=\"Obtenga la ayuda que necesita del Programa Navegador de Recuperaci\u00f3n de MERIT. Nuestros Pares Certificados en Recuperaci\u00f3n est\u00e1n aqu\u00ed para ayudarle a alcanzar sus objetivos.\" \/>\n<meta property=\"og:url\" content=\"https:\/\/www.meritresources.org\/es\/programa-de-navegadores-para-la-recuperacion\/\" \/>\n<meta property=\"og:site_name\" content=\"Merit Resources\" \/>\n<meta property=\"article:modified_time\" content=\"2023-06-08T14:44:38+00:00\" \/>\n<meta name=\"twitter:card\" content=\"summary_large_image\" \/>\n<meta name=\"twitter:label1\" content=\"Tiempo de lectura\" \/>\n\t<meta name=\"twitter:data1\" content=\"3 minutos\" \/>\n<script type=\"application\/ld+json\" class=\"yoast-schema-graph\">{\"@context\":\"https:\\\/\\\/schema.org\",\"@graph\":[{\"@type\":\"WebPage\",\"@id\":\"https:\\\/\\\/www.meritresources.org\\\/es\\\/programa-de-navegadores-para-la-recuperacion\\\/\",\"url\":\"https:\\\/\\\/www.meritresources.org\\\/es\\\/programa-de-navegadores-para-la-recuperacion\\\/\",\"name\":\"Programa Recovery Navigator 877-789-3344 | Ellensburg, Kennewick, Pasco, Sunnyside, Toppenish, Wapato y Yakima\",\"isPartOf\":{\"@id\":\"http:\\\/\\\/yoo.wsigenesis.com\\\/#website\"},\"datePublished\":\"2023-06-08T14:44:32+00:00\",\"dateModified\":\"2023-06-08T14:44:38+00:00\",\"description\":\"Obtenga la ayuda que necesita del Programa Navegador de Recuperaci\u00f3n de MERIT. Nuestros Pares Certificados en Recuperaci\u00f3n est\u00e1n aqu\u00ed para ayudarle a alcanzar sus objetivos.\",\"breadcrumb\":{\"@id\":\"https:\\\/\\\/www.meritresources.org\\\/es\\\/programa-de-navegadores-para-la-recuperacion\\\/#breadcrumb\"},\"inLanguage\":\"es\",\"potentialAction\":[{\"@type\":\"ReadAction\",\"target\":[\"https:\\\/\\\/www.meritresources.org\\\/es\\\/programa-de-navegadores-para-la-recuperacion\\\/\"]}]},{\"@type\":\"BreadcrumbList\",\"@id\":\"https:\\\/\\\/www.meritresources.org\\\/es\\\/programa-de-navegadores-para-la-recuperacion\\\/#breadcrumb\",\"itemListElement\":[{\"@type\":\"ListItem\",\"position\":1,\"name\":\"Home\",\"item\":\"https:\\\/\\\/www.meritresources.org\\\/es\\\/\"},{\"@type\":\"ListItem\",\"position\":2,\"name\":\"Programa de Navegadores para la Recuperaci\u00f3n\"}]},{\"@type\":\"WebSite\",\"@id\":\"http:\\\/\\\/yoo.wsigenesis.com\\\/#website\",\"url\":\"http:\\\/\\\/yoo.wsigenesis.com\\\/\",\"name\":\"Merit Resources\",\"description\":\"Google Web Host\",\"potentialAction\":[{\"@type\":\"SearchAction\",\"target\":{\"@type\":\"EntryPoint\",\"urlTemplate\":\"http:\\\/\\\/yoo.wsigenesis.com\\\/?s={search_term_string}\"},\"query-input\":{\"@type\":\"PropertyValueSpecification\",\"valueRequired\":true,\"valueName\":\"search_term_string\"}}],\"inLanguage\":\"es\"}]}<\/script>\n<!-- \/ Yoast SEO plugin. -->","yoast_head_json":{"title":"Programa Recovery Navigator 877-789-3344 | Ellensburg, Kennewick, Pasco, Sunnyside, Toppenish, Wapato y Yakima","description":"Obtenga la ayuda que necesita del Programa Navegador de Recuperaci\u00f3n de MERIT. Nuestros Pares Certificados en Recuperaci\u00f3n est\u00e1n aqu\u00ed para ayudarle a alcanzar sus objetivos.","robots":{"index":"index","follow":"follow","max-snippet":"max-snippet:-1","max-image-preview":"max-image-preview:large","max-video-preview":"max-video-preview:-1"},"canonical":"https:\/\/www.meritresources.org\/es\/programa-de-navegadores-para-la-recuperacion\/","og_locale":"es_ES","og_type":"article","og_title":"Programa Recovery Navigator 877-789-3344 | Ellensburg, Kennewick, Pasco, Sunnyside, Toppenish, Wapato y Yakima","og_description":"Obtenga la ayuda que necesita del Programa Navegador de Recuperaci\u00f3n de MERIT. Nuestros Pares Certificados en Recuperaci\u00f3n est\u00e1n aqu\u00ed para ayudarle a alcanzar sus objetivos.","og_url":"https:\/\/www.meritresources.org\/es\/programa-de-navegadores-para-la-recuperacion\/","og_site_name":"Merit Resources","article_modified_time":"2023-06-08T14:44:38+00:00","twitter_card":"summary_large_image","twitter_misc":{"Tiempo de lectura":"3 minutos"},"schema":{"@context":"https:\/\/schema.org","@graph":[{"@type":"WebPage","@id":"https:\/\/www.meritresources.org\/es\/programa-de-navegadores-para-la-recuperacion\/","url":"https:\/\/www.meritresources.org\/es\/programa-de-navegadores-para-la-recuperacion\/","name":"Programa Recovery Navigator 877-789-3344 | Ellensburg, Kennewick, Pasco, Sunnyside, Toppenish, Wapato y Yakima","isPartOf":{"@id":"http:\/\/yoo.wsigenesis.com\/#website"},"datePublished":"2023-06-08T14:44:32+00:00","dateModified":"2023-06-08T14:44:38+00:00","description":"Obtenga la ayuda que necesita del Programa Navegador de Recuperaci\u00f3n de MERIT. Nuestros Pares Certificados en Recuperaci\u00f3n est\u00e1n aqu\u00ed para ayudarle a alcanzar sus objetivos.","breadcrumb":{"@id":"https:\/\/www.meritresources.org\/es\/programa-de-navegadores-para-la-recuperacion\/#breadcrumb"},"inLanguage":"es","potentialAction":[{"@type":"ReadAction","target":["https:\/\/www.meritresources.org\/es\/programa-de-navegadores-para-la-recuperacion\/"]}]},{"@type":"BreadcrumbList","@id":"https:\/\/www.meritresources.org\/es\/programa-de-navegadores-para-la-recuperacion\/#breadcrumb","itemListElement":[{"@type":"ListItem","position":1,"name":"Home","item":"https:\/\/www.meritresources.org\/es\/"},{"@type":"ListItem","position":2,"name":"Programa de Navegadores para la Recuperaci\u00f3n"}]},{"@type":"WebSite","@id":"http:\/\/yoo.wsigenesis.com\/#website","url":"http:\/\/yoo.wsigenesis.com\/","name":"Merit Resources","description":"Google Web Host","potentialAction":[{"@type":"SearchAction","target":{"@type":"EntryPoint","urlTemplate":"http:\/\/yoo.wsigenesis.com\/?s={search_term_string}"},"query-input":{"@type":"PropertyValueSpecification","valueRequired":true,"valueName":"search_term_string"}}],"inLanguage":"es"}]}},"_links":{"self":[{"href":"https:\/\/www.meritresources.org\/es\/wp-json\/wp\/v2\/pages\/2831","targetHints":{"allow":["GET"]}}],"collection":[{"href":"https:\/\/www.meritresources.org\/es\/wp-json\/wp\/v2\/pages"}],"about":[{"href":"https:\/\/www.meritresources.org\/es\/wp-json\/wp\/v2\/types\/page"}],"author":[{"embeddable":true,"href":"https:\/\/www.meritresources.org\/es\/wp-json\/wp\/v2\/users\/6"}],"replies":[{"embeddable":true,"href":"https:\/\/www.meritresources.org\/es\/wp-json\/wp\/v2\/comments?post=2831"}],"version-history":[{"count":1,"href":"https:\/\/www.meritresources.org\/es\/wp-json\/wp\/v2\/pages\/2831\/revisions"}],"predecessor-version":[{"id":2832,"href":"https:\/\/www.meritresources.org\/es\/wp-json\/wp\/v2\/pages\/2831\/revisions\/2832"}],"wp:attachment":[{"href":"https:\/\/www.meritresources.org\/es\/wp-json\/wp\/v2\/media?parent=2831"}],"curies":[{"name":"wp","href":"https:\/\/api.w.org\/{rel}","templated":true}]}}