{"id":2836,"date":"2023-06-08T14:47:40","date_gmt":"2023-06-08T14:47:40","guid":{"rendered":"https:\/\/www.meritresources.org\/trastornos-por-consumo-de-sustancias-en-tri-cities\/"},"modified":"2023-06-21T04:41:10","modified_gmt":"2023-06-21T04:41:10","slug":"trastornos-por-consumo-de-sustancias-en-tri-cities","status":"publish","type":"page","link":"https:\/\/www.meritresources.org\/es\/trastornos-por-consumo-de-sustancias-en-tri-cities\/","title":{"rendered":"Trastornos por consumo de sustancias en Tri-Cities"},"content":{"rendered":"<div>\n<h1>Trastornos por consumo de sustancias en Tri-Cities<\/h1>\n<\/div>\n<div>\n<div>\n<p><span>\u00bfSufre un trastorno por consumo de sustancias en Tri-Cities y alrededores?<\/span> <span>MERIT ofrece servicios integrales de tratamiento de adicciones<\/span>\u00a0<span id=\"gid_0\" data-toggle=\"tooltip\" title=\"a\" original=\"a\" data-placement=\"bottom\" data-custom-class=\"tooltip_6fe6bd\" data-toggle-title=\"a\">acreditados por la CARF<\/span><span>, que incluyen servicios en ingl\u00e9s y en espa\u00f1ol para satisfacer sus necesidades.<\/span> <span>Nuestro centro de rehabilitaci\u00f3n de drogas proporciona un lugar positivo, libre de juicios para hacer frente a sus preocupaciones, ofreciendo apoyo a usted no importa d\u00f3nde usted est\u00e1 en su viaje hacia la recuperaci\u00f3n.<\/span><\/p>\n<h4><span>Servicios contra el abuso de sustancias<\/span><\/h4>\n<p><span>El personal certificado a nivel nacional y estatal de nuestra cl\u00ednica de abuso de sustancias de Tri-Cities le tratar\u00e1 con dignidad y respeto.<\/span> <span>El personal certificado a nivel nacional y estatal de nuestra cl\u00ednica de abuso de sustancias de Tri-Cities le tratar\u00e1 con dignidad y respeto. El personal certificado a nivel nacional y estatal de nuestra cl\u00ednica de abuso de sustancias de Tri-Cities le tratar\u00e1 con dignidad y respeto.<\/span> <span>Estamos aqu\u00ed para iniciar la conversaci\u00f3n y ayudarle a dar los primeros pasos hacia la recuperaci\u00f3n.<\/span><\/p>\n<h4><span>Detecci\u00f3n del abuso de sustancias<\/span><\/h4>\n<p><span>Le ayudaremos a identificar los signos de adicci\u00f3n, para que sepa cu\u00e1ndo debe recibir tratamiento para usted o para un ser querido.<\/span> <span>El personal de nuestra cl\u00ednica de Tri-Cities quiere asegurarse de que dispones de\u00a0<\/span><span id=\"gid_0\" data-toggle=\"tooltip\" title=\"a\" original=\"a\" data-placement=\"bottom\" data-custom-class=\"tooltip_6fe6bd\" data-toggle-title=\"a\">los recursos<\/span><span>\u00a0que necesitas para gestionar las luchas diarias sin reca\u00eddas.<\/span> <span>Ofrecemos muchos servicios para mejorar la vida de nuestros pacientes, como evaluaci\u00f3n, educaci\u00f3n, derivaciones y apoyo adicional para ayudarle a vivir su mejor vida.<\/span><\/p>\n<h3><span>Evaluaciones de abuso de sustancias<\/span><\/h3>\n<p><span>Proporcionamos evaluaciones y valoraciones en profundidad a los pacientes de Tri-Cities para garantizar una derivaci\u00f3n adecuada.Desarrollaremos un plan de tratamiento y una lista de objetivos para ayudarle a mantenerse en el buen camino, comenzando con servicios ambulatorios intensivos (IOP) tres noches a la semana.<\/span> <span>M\u00e1s adelante, pasar\u00e1 a programas semanales y mensuales, como los que se exigen con los programas de enjuiciamiento diferido y de tribunales de drogas.<\/span><\/p>\n<h4><span>Tratamiento del abuso de sustancias<\/span><\/h4>\n<p><span>Nuestros profesionales del centro de tratamiento de abuso de sustancias Tri-Cities le ayudar\u00e1 a encontrar el mejor programa de tratamiento ambulatorio de drogas y alcohol para satisfacer sus necesidades en funci\u00f3n de su consumo de drogas y h\u00e1bitos, incluyendo:<\/span><\/p>\n<ul>\n<li style=\"text-align: left;\"><a href=\"https:\/\/www.meritresources.org\/treatment-services\/\"><span>Servicios ambulatorios de tratamiento de adicciones<\/span><\/a><\/li>\n<li style=\"text-align: left;\"><span>Telesalud y asesoramiento en l\u00ednea sobre drogas y alcohol<\/span><\/li>\n<li style=\"text-align: left;\"><span>Tratamiento de adicciones para adultos y adolescentes<\/span><\/li>\n<li style=\"text-align: left;\"><span>Servicios familiares y de grupo para el tratamiento de la drogodependencia<\/span><\/li>\n<li style=\"text-align: left;\"><span>Servicios de tratamiento de salud mental<\/span><\/li>\n<li style=\"text-align: left;\"><span>Prevenci\u00f3n de reca\u00eddas y cuidados posteriores<\/span><\/li>\n<li style=\"text-align: left;\"><span>Programas de Asistencia al Empleado (EAP)<\/span><\/li>\n<li style=\"text-align: left;\"><span>Programas de Asistencia al Estudiante (SAP)<\/span><\/li>\n<li style=\"text-align: left;\"><span>Escuela de Informaci\u00f3n sobre Alcohol y Drogas (ADIS)<\/span><\/li>\n<\/ul>\n<h4><span>Evaluaciones de abuso de sustancias<\/span><\/h4>\n<p><a href=\"https:\/\/www.meritresources.org\/contact-us\/\"><span id=\"gid_0\" data-toggle=\"tooltip\" title=\"a\" original=\"a\" data-placement=\"bottom\" data-custom-class=\"tooltip_6fe6bd\" data-toggle-title=\"a\">Comun\u00edquese con<\/span><\/a><span>su cl\u00ednica MERIT local para el<\/span>\u00a0<span id=\"gid_1\" data-toggle=\"tooltip\" title=\"strong\" original=\"strong\" data-placement=\"bottom\" data-custom-class=\"tooltip_edb1ff\" data-toggle-title=\"strong\">trastorno por consumo de sustancias en Tri-Cities<\/span>,\u00a0<span id=\"gid_2\" data-toggle=\"tooltip\" title=\"strong\" original=\"strong\" data-placement=\"bottom\" data-custom-class=\"tooltip_ffc287\" data-toggle-title=\"strong\">Kennewick, Pasco y Richland<\/span>\u00a0<span>al 877-789-3344 para programar una consulta.<\/span><\/p>\n<h4>Tri-Cities, Washington<\/h4>\n<p><span>Kennewick, Pasco y Richland, en la zona de las Tres Ciudades, se encuentran en el coraz\u00f3n de la regi\u00f3n vin\u00edcola de Washington y ofrecen f\u00e1cil acceso desde las principales \u00e1reas metropolitanas a trav\u00e9s de las autopistas interestatales 82, 84 y 90.<\/span> <span>Esta regi\u00f3n de los condados de Benton y Franklin ofrece un hermoso clima, abundancia agr\u00edcola y abundantes oportunidades STEM.<\/span> <span>El Lockheed Martin, el Laboratorio Nacional del Noroeste del Pac\u00edfico, el Parque Hist\u00f3rico Nacional del Proyecto Manhattan, el Planetario Nacional Bechtel y el Observatorio LIGO Hanford atraen el inter\u00e9s local e internacional.<\/span>. <span>MERIT se enorgullece de servir a las familias de toda la regi\u00f3n, proporcionando servicios integrales de tratamiento de drogas y alcohol.<\/span><\/p>\n<\/div>\n<\/div>\n<p><!--more--><br \/>\n<!-- {\"type\":\"layout\",\"children\":[{\"type\":\"section\",\"props\":{\"class\":\"ws-home__top-banner ws-top__margin ws-treatment__top\",\"image\":\"wp-content\\\/uploads\\\/2023\\\/02\\\/board-of-directors-headerv2-1.png\",\"image_position\":\"bottom-center\",\"padding\":\"xlarge\",\"style\":\"default\",\"title_breakpoint\":\"xl\",\"title_position\":\"top-left\",\"title_rotation\":\"left\",\"vertical_align\":\"middle\",\"width\":\"\"},\"children\":[{\"type\":\"row\",\"children\":[{\"type\":\"column\",\"props\":{\"image_position\":\"center-center\",\"position_sticky_breakpoint\":\"m\"},\"children\":[{\"type\":\"panel\",\"props\":{\"content\":\"\",\"content_column_breakpoint\":\"m\",\"content_margin\":\"remove\",\"content_style\":\"heading-small\",\"icon_width\":80,\"image_align\":\"top\",\"image_grid_breakpoint\":\"m\",\"image_grid_width\":\"1-2\",\"image_svg_color\":\"emphasis\",\"link_margin\":\"large\",\"link_style\":\"primary\",\"link_text\":\"Contact Us\",\"margin\":\"default\",\"meta_align\":\"below-title\",\"meta_element\":\"div\",\"meta_style\":\"text-meta\",\"text_align\":\"center\",\"title\":\"Trastornos por consumo de sustancias en Tri-Cities\",\"title_align\":\"top\",\"title_element\":\"h1\",\"title_grid_breakpoint\":\"m\",\"title_grid_width\":\"1-2\",\"title_hover_style\":\"reset\"}},{\"type\":\"breadcrumbs\",\"props\":{\"show_current\":true,\"show_home\":true,\"text_align\":\"center\"}}]}]}]},{\"type\":\"section\",\"props\":{\"image\":\"wp-content\\\/uploads\\\/2022\\\/11\\\/ethics-info-bg-2.jpg\",\"image_position\":\"center-center\",\"image_size\":\"cover\",\"padding\":\"small\",\"style\":\"default\",\"title_breakpoint\":\"xl\",\"title_position\":\"top-left\",\"title_rotation\":\"left\",\"vertical_align\":\"middle\",\"width\":\"default\"},\"children\":[{\"type\":\"row\",\"children\":[{\"type\":\"column\",\"props\":{\"image_position\":\"center-center\",\"position_sticky_breakpoint\":\"m\"},\"children\":[{\"type\":\"panel\",\"props\":{\"content\":\"\n\n<p><span>\\u00bfSufre un trastorno por consumo de sustancias en Tri-Cities y alrededores?<\\\/span> <span>MERIT ofrece servicios integrales de tratamiento de adicciones<\\\/span>\\u00a0<span id=\\\"gid_0\\\" data-toggle=\\\"tooltip\\\" title=\\\"a\\\" original=\\\"a\\\" data-placement=\\\"bottom\\\" data-custom-class=\\\"tooltip_6fe6bd\\\" data-toggle-title=\\\"a\\\">acreditados por la CARF<\\\/span><span>, que incluyen servicios en ingl\\u00e9s y en espa\\u00f1ol para satisfacer sus necesidades.<\\\/span> <span>Nuestro centro de rehabilitaci\\u00f3n de drogas proporciona un lugar positivo, libre de juicios para hacer frente a sus preocupaciones, ofreciendo apoyo a usted no importa d\\u00f3nde usted est\\u00e1 en su viaje hacia la recuperaci\\u00f3n.<\\\/span><\\\/p>\\n\n\n<h4><span>Servicios contra el abuso de sustancias<\\\/span><\\\/h4>\\n\n\n<p><span>El personal certificado a nivel nacional y estatal de nuestra cl\\u00ednica de abuso de sustancias de Tri-Cities le tratar\\u00e1 con dignidad y respeto.<\\\/span> <span>El personal certificado a nivel nacional y estatal de nuestra cl\\u00ednica de abuso de sustancias de Tri-Cities le tratar\\u00e1 con dignidad y respeto. El personal certificado a nivel nacional y estatal de nuestra cl\\u00ednica de abuso de sustancias de Tri-Cities le tratar\\u00e1 con dignidad y respeto.<\\\/span> <span>Estamos aqu\\u00ed para iniciar la conversaci\\u00f3n y ayudarle a dar los primeros pasos hacia la recuperaci\\u00f3n.<\\\/span><\\\/p>\\n\n\n<h4><span>Detecci\\u00f3n del abuso de sustancias<\\\/span><\\\/h4>\\n\n\n<p><span>Le ayudaremos a identificar los signos de adicci\\u00f3n, para que sepa cu\\u00e1ndo debe recibir tratamiento para usted o para un ser querido.<\\\/span> <span>El personal de nuestra cl\\u00ednica de Tri-Cities quiere asegurarse de que dispones de\\u00a0<\\\/span><span id=\\\"gid_0\\\" data-toggle=\\\"tooltip\\\" title=\\\"a\\\" original=\\\"a\\\" data-placement=\\\"bottom\\\" data-custom-class=\\\"tooltip_6fe6bd\\\" data-toggle-title=\\\"a\\\">los recursos<\\\/span><span>\\u00a0que necesitas para gestionar las luchas diarias sin reca\\u00eddas.<\\\/span> <span>Ofrecemos muchos servicios para mejorar la vida de nuestros pacientes, como evaluaci\\u00f3n, educaci\\u00f3n, derivaciones y apoyo adicional para ayudarle a vivir su mejor vida.<\\\/span><\\\/p>\\n\n\n<h3><span>Evaluaciones de abuso de sustancias<\\\/span><\\\/h3>\\n\n\n<p><span>Proporcionamos evaluaciones y valoraciones en profundidad a los pacientes de Tri-Cities para garantizar una derivaci\\u00f3n adecuada.Desarrollaremos un plan de tratamiento y una lista de objetivos para ayudarle a mantenerse en el buen camino, comenzando con servicios ambulatorios intensivos (IOP) tres noches a la semana.<\\\/span> <span>M\\u00e1s adelante, pasar\\u00e1 a programas semanales y mensuales, como los que se exigen con los programas de enjuiciamiento diferido y de tribunales de drogas.<\\\/span><\\\/p>\\n\n\n<h4><span>Tratamiento del abuso de sustancias<\\\/span><\\\/h4>\\n\n\n<p><span>Nuestros profesionales del centro de tratamiento de abuso de sustancias Tri-Cities le ayudar\\u00e1 a encontrar el mejor programa de tratamiento ambulatorio de drogas y alcohol para satisfacer sus necesidades en funci\\u00f3n de su consumo de drogas y h\\u00e1bitos, incluyendo:<\\\/span><\\\/p>\\n\n\n<ul>\\n\n\n<li style=\\\"text-align: left;\\\"><a href=\\\"https:\\\/\\\/www.meritresources.org\\\/treatment-services\\\/\\\"><span>Servicios ambulatorios de tratamiento de adicciones<\\\/span><\\\/a><\\\/li>\\n\n\n<li style=\\\"text-align: left;\\\"><span>Telesalud y asesoramiento en l\\u00ednea sobre drogas y alcohol<\\\/span><\\\/li>\\n\n\n<li style=\\\"text-align: left;\\\"><span>Tratamiento de adicciones para adultos y adolescentes<\\\/span><\\\/li>\\n\n\n<li style=\\\"text-align: left;\\\"><span>Servicios familiares y de grupo para el tratamiento de la drogodependencia<\\\/span><\\\/li>\\n\n\n<li style=\\\"text-align: left;\\\"><span>Servicios de tratamiento de salud mental<\\\/span><\\\/li>\\n\n\n<li style=\\\"text-align: left;\\\"><span>Prevenci\\u00f3n de reca\\u00eddas y cuidados posteriores<\\\/span><\\\/li>\\n\n\n<li style=\\\"text-align: left;\\\"><span>Programas de Asistencia al Empleado (EAP)<\\\/span><\\\/li>\\n\n\n<li style=\\\"text-align: left;\\\"><span>Programas de Asistencia al Estudiante (SAP)<\\\/span><\\\/li>\\n\n\n<li style=\\\"text-align: left;\\\"><span>Escuela de Informaci\\u00f3n sobre Alcohol y Drogas (ADIS)<\\\/span><\\\/li>\\n<\\\/ul>\\n\n\n<h4><span>Evaluaciones de abuso de sustancias<\\\/span><\\\/h4>\\n\n\n<p><a href=\\\"https:\\\/\\\/www.meritresources.org\\\/contact-us\\\/\\\"><span id=\\\"gid_0\\\" data-toggle=\\\"tooltip\\\" title=\\\"a\\\" original=\\\"a\\\" data-placement=\\\"bottom\\\" data-custom-class=\\\"tooltip_6fe6bd\\\" data-toggle-title=\\\"a\\\">Comun\\u00edquese con<\\\/span><\\\/a><span>su cl\\u00ednica MERIT local para el<\\\/span>\\u00a0<span id=\\\"gid_1\\\" data-toggle=\\\"tooltip\\\" title=\\\"strong\\\" original=\\\"strong\\\" data-placement=\\\"bottom\\\" data-custom-class=\\\"tooltip_edb1ff\\\" data-toggle-title=\\\"strong\\\">trastorno por consumo de sustancias en Tri-Cities<\\\/span>,\\u00a0<span id=\\\"gid_2\\\" data-toggle=\\\"tooltip\\\" title=\\\"strong\\\" original=\\\"strong\\\" data-placement=\\\"bottom\\\" data-custom-class=\\\"tooltip_ffc287\\\" data-toggle-title=\\\"strong\\\">Kennewick, Pasco y Richland<\\\/span>\\u00a0<span>al 877-789-3344 para programar una consulta.<\\\/span><\\\/p>\\n\n\n<h4>Tri-Cities, Washington<\\\/h4>\\n\n\n<p><span>Kennewick, Pasco y Richland, en la zona de las Tres Ciudades, se encuentran en el coraz\\u00f3n de la regi\\u00f3n vin\\u00edcola de Washington y ofrecen f\\u00e1cil acceso desde las principales \\u00e1reas metropolitanas a trav\\u00e9s de las autopistas interestatales 82, 84 y 90.<\\\/span> <span>Esta regi\\u00f3n de los condados de Benton y Franklin ofrece un hermoso clima, abundancia agr\\u00edcola y abundantes oportunidades STEM.<\\\/span> <span>El Lockheed Martin, el Laboratorio Nacional del Noroeste del Pac\\u00edfico, el Parque Hist\\u00f3rico Nacional del Proyecto Manhattan, el Planetario Nacional Bechtel y el Observatorio LIGO Hanford atraen el inter\\u00e9s local e internacional.<\\\/span>. <span>MERIT se enorgullece de servir a las familias de toda la regi\\u00f3n, proporcionando servicios integrales de tratamiento de drogas y alcohol.<\\\/span><\\\/p>\",\"content_column_breakpoint\":\"m\",\"icon_width\":80,\"image_align\":\"top\",\"image_grid_breakpoint\":\"m\",\"image_grid_width\":\"1-2\",\"image_svg_color\":\"emphasis\",\"link_style\":\"default\",\"link_text\":\"Read more\",\"margin\":\"default\",\"meta_align\":\"below-title\",\"meta_element\":\"div\",\"meta_style\":\"text-meta\",\"text_align\":\"center\",\"title\":\"\",\"title_align\":\"top\",\"title_element\":\"h4\",\"title_grid_breakpoint\":\"m\",\"title_grid_width\":\"1-2\",\"title_hover_style\":\"reset\"}}]}]}],\"name\":\"option 2\"}],\"version\":\"4.0.6\"} --><\/p>\n","protected":false},"excerpt":{"rendered":"<p>Trastornos por consumo de sustancias en Tri-Cities \u00bfSufre un trastorno por consumo de sustancias en Tri-Cities y alrededores? MERIT ofrece servicios integrales de tratamiento de adicciones\u00a0acreditados por la CARF, que incluyen servicios en ingl\u00e9s y en espa\u00f1ol para satisfacer sus necesidades. Nuestro centro de rehabilitaci\u00f3n de drogas proporciona un lugar positivo, libre de juicios para [&hellip;]<\/p>\n","protected":false},"author":6,"featured_media":0,"parent":0,"menu_order":0,"comment_status":"closed","ping_status":"closed","template":"","meta":{"_acf_changed":false,"footnotes":""},"class_list":["post-2836","page","type-page","status-publish","hentry"],"acf":[],"yoast_head":"<!-- This site is optimized with the Yoast SEO plugin v27.4 - https:\/\/yoast.com\/product\/yoast-seo-wordpress\/ -->\n<title>Substance Use Disorder in Tri-Cities 877-789-3344 | MERIT | Kennewick, Pasco, Richland<\/title>\n<meta name=\"description\" content=\"No tienes por qu\u00e9 hacerlo solo. Obtener tratamiento para un trastorno de uso de sustancias en el \u00e1rea de Tri-Cities para usted o un ser querido de MERIT Drug Treatment and Rehabilitation Center.\" \/>\n<meta name=\"robots\" content=\"index, follow, max-snippet:-1, max-image-preview:large, max-video-preview:-1\" \/>\n<link rel=\"canonical\" href=\"https:\/\/www.meritresources.org\/es\/trastornos-por-consumo-de-sustancias-en-tri-cities\/\" \/>\n<meta property=\"og:locale\" content=\"es_ES\" \/>\n<meta property=\"og:type\" content=\"article\" \/>\n<meta property=\"og:title\" content=\"Substance Use Disorder in Tri-Cities 877-789-3344 | MERIT | Kennewick, Pasco, Richland\" \/>\n<meta property=\"og:description\" content=\"No tienes por qu\u00e9 hacerlo solo. Obtener tratamiento para un trastorno de uso de sustancias en el \u00e1rea de Tri-Cities para usted o un ser querido de MERIT Drug Treatment and Rehabilitation Center.\" \/>\n<meta property=\"og:url\" content=\"https:\/\/www.meritresources.org\/es\/trastornos-por-consumo-de-sustancias-en-tri-cities\/\" \/>\n<meta property=\"og:site_name\" content=\"Merit Resources\" \/>\n<meta property=\"article:modified_time\" content=\"2023-06-21T04:41:10+00:00\" \/>\n<meta name=\"twitter:card\" content=\"summary_large_image\" \/>\n<meta name=\"twitter:label1\" content=\"Tiempo de lectura\" \/>\n\t<meta name=\"twitter:data1\" content=\"3 minutos\" \/>\n<script type=\"application\/ld+json\" class=\"yoast-schema-graph\">{\"@context\":\"https:\\\/\\\/schema.org\",\"@graph\":[{\"@type\":\"WebPage\",\"@id\":\"https:\\\/\\\/www.meritresources.org\\\/es\\\/trastornos-por-consumo-de-sustancias-en-tri-cities\\\/\",\"url\":\"https:\\\/\\\/www.meritresources.org\\\/es\\\/trastornos-por-consumo-de-sustancias-en-tri-cities\\\/\",\"name\":\"Substance Use Disorder in Tri-Cities 877-789-3344 | MERIT | Kennewick, Pasco, Richland\",\"isPartOf\":{\"@id\":\"http:\\\/\\\/yoo.wsigenesis.com\\\/#website\"},\"datePublished\":\"2023-06-08T14:47:40+00:00\",\"dateModified\":\"2023-06-21T04:41:10+00:00\",\"description\":\"No tienes por qu\u00e9 hacerlo solo. Obtener tratamiento para un trastorno de uso de sustancias en el \u00e1rea de Tri-Cities para usted o un ser querido de MERIT Drug Treatment and Rehabilitation Center.\",\"breadcrumb\":{\"@id\":\"https:\\\/\\\/www.meritresources.org\\\/es\\\/trastornos-por-consumo-de-sustancias-en-tri-cities\\\/#breadcrumb\"},\"inLanguage\":\"es\",\"potentialAction\":[{\"@type\":\"ReadAction\",\"target\":[\"https:\\\/\\\/www.meritresources.org\\\/es\\\/trastornos-por-consumo-de-sustancias-en-tri-cities\\\/\"]}]},{\"@type\":\"BreadcrumbList\",\"@id\":\"https:\\\/\\\/www.meritresources.org\\\/es\\\/trastornos-por-consumo-de-sustancias-en-tri-cities\\\/#breadcrumb\",\"itemListElement\":[{\"@type\":\"ListItem\",\"position\":1,\"name\":\"Home\",\"item\":\"https:\\\/\\\/www.meritresources.org\\\/es\\\/\"},{\"@type\":\"ListItem\",\"position\":2,\"name\":\"Trastornos por consumo de sustancias en Tri-Cities\"}]},{\"@type\":\"WebSite\",\"@id\":\"http:\\\/\\\/yoo.wsigenesis.com\\\/#website\",\"url\":\"http:\\\/\\\/yoo.wsigenesis.com\\\/\",\"name\":\"Merit Resources\",\"description\":\"Google Web Host\",\"potentialAction\":[{\"@type\":\"SearchAction\",\"target\":{\"@type\":\"EntryPoint\",\"urlTemplate\":\"http:\\\/\\\/yoo.wsigenesis.com\\\/?s={search_term_string}\"},\"query-input\":{\"@type\":\"PropertyValueSpecification\",\"valueRequired\":true,\"valueName\":\"search_term_string\"}}],\"inLanguage\":\"es\"}]}<\/script>\n<!-- \/ Yoast SEO plugin. -->","yoast_head_json":{"title":"Substance Use Disorder in Tri-Cities 877-789-3344 | MERIT | Kennewick, Pasco, Richland","description":"No tienes por qu\u00e9 hacerlo solo. Obtener tratamiento para un trastorno de uso de sustancias en el \u00e1rea de Tri-Cities para usted o un ser querido de MERIT Drug Treatment and Rehabilitation Center.","robots":{"index":"index","follow":"follow","max-snippet":"max-snippet:-1","max-image-preview":"max-image-preview:large","max-video-preview":"max-video-preview:-1"},"canonical":"https:\/\/www.meritresources.org\/es\/trastornos-por-consumo-de-sustancias-en-tri-cities\/","og_locale":"es_ES","og_type":"article","og_title":"Substance Use Disorder in Tri-Cities 877-789-3344 | MERIT | Kennewick, Pasco, Richland","og_description":"No tienes por qu\u00e9 hacerlo solo. Obtener tratamiento para un trastorno de uso de sustancias en el \u00e1rea de Tri-Cities para usted o un ser querido de MERIT Drug Treatment and Rehabilitation Center.","og_url":"https:\/\/www.meritresources.org\/es\/trastornos-por-consumo-de-sustancias-en-tri-cities\/","og_site_name":"Merit Resources","article_modified_time":"2023-06-21T04:41:10+00:00","twitter_card":"summary_large_image","twitter_misc":{"Tiempo de lectura":"3 minutos"},"schema":{"@context":"https:\/\/schema.org","@graph":[{"@type":"WebPage","@id":"https:\/\/www.meritresources.org\/es\/trastornos-por-consumo-de-sustancias-en-tri-cities\/","url":"https:\/\/www.meritresources.org\/es\/trastornos-por-consumo-de-sustancias-en-tri-cities\/","name":"Substance Use Disorder in Tri-Cities 877-789-3344 | MERIT | Kennewick, Pasco, Richland","isPartOf":{"@id":"http:\/\/yoo.wsigenesis.com\/#website"},"datePublished":"2023-06-08T14:47:40+00:00","dateModified":"2023-06-21T04:41:10+00:00","description":"No tienes por qu\u00e9 hacerlo solo. Obtener tratamiento para un trastorno de uso de sustancias en el \u00e1rea de Tri-Cities para usted o un ser querido de MERIT Drug Treatment and Rehabilitation Center.","breadcrumb":{"@id":"https:\/\/www.meritresources.org\/es\/trastornos-por-consumo-de-sustancias-en-tri-cities\/#breadcrumb"},"inLanguage":"es","potentialAction":[{"@type":"ReadAction","target":["https:\/\/www.meritresources.org\/es\/trastornos-por-consumo-de-sustancias-en-tri-cities\/"]}]},{"@type":"BreadcrumbList","@id":"https:\/\/www.meritresources.org\/es\/trastornos-por-consumo-de-sustancias-en-tri-cities\/#breadcrumb","itemListElement":[{"@type":"ListItem","position":1,"name":"Home","item":"https:\/\/www.meritresources.org\/es\/"},{"@type":"ListItem","position":2,"name":"Trastornos por consumo de sustancias en Tri-Cities"}]},{"@type":"WebSite","@id":"http:\/\/yoo.wsigenesis.com\/#website","url":"http:\/\/yoo.wsigenesis.com\/","name":"Merit Resources","description":"Google Web Host","potentialAction":[{"@type":"SearchAction","target":{"@type":"EntryPoint","urlTemplate":"http:\/\/yoo.wsigenesis.com\/?s={search_term_string}"},"query-input":{"@type":"PropertyValueSpecification","valueRequired":true,"valueName":"search_term_string"}}],"inLanguage":"es"}]}},"_links":{"self":[{"href":"https:\/\/www.meritresources.org\/es\/wp-json\/wp\/v2\/pages\/2836","targetHints":{"allow":["GET"]}}],"collection":[{"href":"https:\/\/www.meritresources.org\/es\/wp-json\/wp\/v2\/pages"}],"about":[{"href":"https:\/\/www.meritresources.org\/es\/wp-json\/wp\/v2\/types\/page"}],"author":[{"embeddable":true,"href":"https:\/\/www.meritresources.org\/es\/wp-json\/wp\/v2\/users\/6"}],"replies":[{"embeddable":true,"href":"https:\/\/www.meritresources.org\/es\/wp-json\/wp\/v2\/comments?post=2836"}],"version-history":[{"count":3,"href":"https:\/\/www.meritresources.org\/es\/wp-json\/wp\/v2\/pages\/2836\/revisions"}],"predecessor-version":[{"id":2878,"href":"https:\/\/www.meritresources.org\/es\/wp-json\/wp\/v2\/pages\/2836\/revisions\/2878"}],"wp:attachment":[{"href":"https:\/\/www.meritresources.org\/es\/wp-json\/wp\/v2\/media?parent=2836"}],"curies":[{"name":"wp","href":"https:\/\/api.w.org\/{rel}","templated":true}]}}